{"id":36302,"date":"2024-10-23T16:04:40","date_gmt":"2024-10-23T16:04:40","guid":{"rendered":"https:\/\/roboticaplus.com\/?post_type=product&#038;p=36302"},"modified":"2026-03-20T01:04:48","modified_gmt":"2026-03-20T01:04:48","slug":"1-set-mini-multifunctional-electric-belt-sander-for-diy-knife-polishing-sharpening-and-sharpening-110v-220v-plug-powered-eu-plug","status":"publish","type":"product","link":"https:\/\/roboticaplus.com\/he\/product\/1-set-mini-multifunctional-electric-belt-sander-for-diy-knife-polishing-sharpening-and-sharpening-110v-220v-plug-powered-eu-plug\/","title":{"rendered":"1 Set Mini Multifunctional Electric Belt Sander for DIY Knife Polishing, Sharpening and Sharpening, 110V\/220V, Plug Powered, EU Plug"},"content":{"rendered":"<div class=\"_7sImkxdz\">\n<div class=\"jks_oz5M\"><img decoding=\"async\" class=\"wxWpAMbp \" src=\"https:\/\/img.kwcdn.com\/supplier-public-tag\/1eac59552c\/d6a6cdde-cd37-401c-8a6e-c00bdd526a90_300x300.jpeg?imageView2\/2\/w\/300\/q\/70\/format\/webp\" alt=\"TDotools\" width=\"136\" height=\"136\" data-cui-image=\"1\" data-state=\"succ\" data-did-mount=\"1\" \/><\/div>\n<\/div>\n<div class=\"_9KX2SNG9\">\n<div class=\"S9ou_TEP\">\n<div class=\"_3A4F96VH\">\n<div class=\"_373TxnaS\" role=\"link\" aria-label=\"TDotools\">TDotools<\/div>\n<div role=\"link\" aria-label=\"TDotools\"><a href=\"https:\/\/goods-vod.kwcdn.com\/goods-video\/7bb69838c087c8ae1a86d127a7fd6341d8f4cc4e.f30.mp4\">https:\/\/goods-vod.kwcdn.com\/goods-video\/7bb69838c087c8ae1a86d127a7fd6341d8f4cc4e.f30.mp4<\/a><\/div>\n<div role=\"link\" aria-label=\"TDotools\">\n<div class=\"gtx-body\">details keeping Report this item Items included: Case Power supply: Plug Plug specification: European standard plug Operating voltage: 110V\/220V Battery characteristics: without battery Item ID: UN150116 copying<\/div>\n<div><img decoding=\"async\" src=\"https:\/\/img.kwcdn.com\/product\/fancy\/757904ba-8719-424c-bfd9-c3666285f737.jpg?imageView2\/2\/w\/800\/q\/70\/format\/webp\" alt=\"1 \u05e1\u05d8 \u05de\u05dc\u05d8\u05e9\u05ea \u05e8\u05e6\u05d5\u05e2\u05d4 \u05d7\u05e9\u05de\u05dc\u05d9\u05ea \u05de\u05d9\u05e0\u05d9 \u05e8\u05d1 \u05ea\u05db\u05dc\u05d9\u05ea\u05d9\u05ea \u05e2\u05d1\u05d5\u05e8 \u05dc\u05d9\u05d8\u05d5\u05e9, \u05d4\u05e9\u05d7\u05d6\u05d4 \u05d5\u05d7\u05d9\u05d3\u05d5\u05d3 \u05e1\u05db\u05d9\u05e0\u05d9\u05dd DIY,  \/220V, \u05de\u05d5\u05e4\u05e2\u05dc \u05e2\u05dc \u05d9\u05d3\u05d9 \u05ea\u05e7\u05e2, \u05ea\u05e7\u05e2 \u05d4\u05d0\u05d9\u05d7\u05d5\u05d3 \u05d4\u05d0\u05d9\u05e8\u05d5\u05e4\u05d9 \u05e4\u05e8\u05d8\u05d9\u05dd 0\" \/><\/div>\n<div>\u00b7 Output power: 12-24V \u00b7 No-load decibels: 80 decibels \u00b7 Speed \u200b\u200bcontrol mode: 7-speed speed control \u00b7 Product speed: 4000-9000<\/div>\n<div><img decoding=\"async\" src=\"https:\/\/img.kwcdn.com\/product\/fancy\/e3ba9d23-ceb0-4657-a381-e95471541e52.jpg?imageView2\/2\/w\/800\/q\/70\/format\/webp\" alt=\"1 \u05e1\u05d8 \u05de\u05dc\u05d8\u05e9\u05ea \u05e8\u05e6\u05d5\u05e2\u05d4 \u05d7\u05e9\u05de\u05dc\u05d9\u05ea \u05de\u05d9\u05e0\u05d9 \u05e8\u05d1 \u05ea\u05db\u05dc\u05d9\u05ea\u05d9\u05ea \u05e2\u05d1\u05d5\u05e8 \u05dc\u05d9\u05d8\u05d5\u05e9, \u05d4\u05e9\u05d7\u05d6\u05d4 \u05d5\u05d7\u05d9\u05d3\u05d5\u05d3 \u05e1\u05db\u05d9\u05e0\u05d9\u05dd DIY,  \/220V, \u05de\u05d5\u05e4\u05e2\u05dc \u05e2\u05dc \u05d9\u05d3\u05d9 \u05ea\u05e7\u05e2, \u05ea\u05e7\u05e2 \u05d4\u05d0\u05d9\u05d7\u05d5\u05d3 \u05d4\u05d0\u05d9\u05e8\u05d5\u05e4\u05d9 \u05e4\u05e8\u05d8\u05d9\u05dd 1\" \/><\/div>\n<div><a href=\"https:\/\/goods-vod.kwcdn.com\/goods-video\/9c99048588b4c7a9176c10054156729164e2a107.f30.mp4\">https:\/\/goods-vod.kwcdn.com\/goods-video\/9c99048588b4c7a9176c10054156729164e2a107.f30.mp4<\/a><\/div>\n<div><a href=\"https:\/\/goods-vod.kwcdn.com\/goods-video\/ecf09e29b67985f51591829447e37c2a5fe8d58a.f30.mp4\">https:\/\/goods-vod.kwcdn.com\/goods-video\/ecf09e29b67985f51591829447e37c2a5fe8d58a.f30.mp4<\/a><\/div>\n<div>\n<p>User Manual<\/p>\n<p>&nbsp;<\/p>\n<p>Name: Mini Belt Sander\u00a0\u00a0\u00a0\u00a0\u00a0\u00a0\u00a0 Model:SVT Input voltage: 110-220V<\/p>\n<p>Output power: 12-24V<\/p>\n<p>Speed control mode: 7-speed speed control Product speed: 4000-9000\/min<\/p>\n<p>Product weight: 1.3KG Abrasive belt size: 330*30mm<\/p>\n<p>Address: 701, No. 3 Xicun Erxiang, Bantian Community, Bantian Street, Longgang District, Shenzhen Manufacturer: Shenzhen Longguang Decoration Co., Ltd<\/p>\n<p>Tel:+8615361864252<\/p>\n<p><strong>DISASSEMBLE <\/strong><strong>THE <\/strong><strong>BEL<\/strong><\/p>\n<p>LOOs EN TFIE SCREW\u2019N AND UJSTALL THC USC H1fT<\/p>\n<h1>Manua\u00ed de usuario<\/h1>\n<p>&nbsp;<\/p>\n<p>Nombre: Mini lijadora de banda Modelo: SVT<\/p>\n<p>Voltaje de entrada: 110-220V<\/p>\n<h2>Potencia de salida: 12-24V<\/h2>\n<p>lvlodo de control de velocidad: control de velocidad de 7 velocidades Velocidad del producto: 4000-9000\/min<\/p>\n<p>Peso del producto: 1.3KG<\/p>\n<p>Tama\u00f1o de la correa abrasiva: 330*30mm<\/p>\n<p>Direcci\u00f3n: 701, No. 3 Xicun Erxiang, Comunidad Bantian, Calle Bantian, Distrito Longgang, Shenzhen<\/p>\n<p>Fabricante: Shenzhen Longguang Decoraci\u00f3n Co., Ltd Tel\u00e9fono:+8615361864252<\/p>\n<p>DESMONTAR EL CINTUR\u00d3N<\/p>\n<p>Benutzerhandbuch<\/p>\n<h2>Name: Mini-Bandschleifer Modell:SVT<\/h2>\n<p>Eingangsspannung: 110\u2014220 V<\/p>\n<p>Ausgangsleistung: 12\u201424 V<\/p>\n<p>Geschwindigkeitsregelungsmodus: 7-Gang-Geschwindigkeitsregelung<\/p>\n<p>Produktgeschwindigkeit: 4000\u20149000\/min<\/p>\n<p>Produktgewicht: 1.3KG<\/p>\n<p>Schleifbandgr\u00f6\u00dfe: 330 x 30 mm<\/p>\n<p>Adresse: 701, Nr. 3 Xicun Erxiang, Bantian Community, Bantian Street, Longgang District, Shenzhen Hersteller: Shenzhen Longguang Dekoration Co., Ltd<\/p>\n<p>Tel:+8615361864252<\/p>\n<p>&nbsp;<\/p>\n<h1>Manuel de l&#8217;Utilisateur<\/h1>\n<p>Nom : mini ponceuse \u00e0 bande.\u00a0\u00a0\u00a0\u00a0\u00a0\u00a0\u00a0 Mod\u00e8le:SVT<\/p>\n<p>Tension d&#8217;entr\u00e9e : 110-220 V<\/p>\n<h2>Puissance de sortie : 12-24 V<\/h2>\n<p>lvlode de contr\u00f4le de vitesse : contr\u00f4le de vitesse \u00e0 7 vitesses.<\/p>\n<p>Vitesse du produit : 4000-9000\/min<\/p>\n<p>Poids du produit : 1.3KG<\/p>\n<p>Taille de la bande Abrasive: 330*30mm<\/p>\n<p>Adresse : 701, n\u00b0 3 Xicun Erxiang, communaut\u00e9 Bantian, rue Bantian, district de Longgang, Shenzhen<\/p>\n<p>Fabricant: Shenzhen Longguang D\u00e9coration Co., Ltd T\u00e9l:+8615361864252<\/p>\n<\/div>\n<div><\/div>\n<div><\/div>\n<\/div>\n<\/div>\n<\/div>\n<\/div>\n","protected":false},"excerpt":{"rendered":"<p>TDotools https:\/\/goods-vod.kwcdn.com\/goods-video\/7bb69838c087c8ae1a86d127a7fd6341d8f4cc4e.f30.mp4 details keeping Report this item Items included: Case Power supply: Plug Plug specification: European standard plug Operating voltage: 110V\/220V Battery characteristics: without battery Item ID: UN150116 copying \u00b7 Output power: 12-24V \u00b7 No-load decibels: 80 decibels \u00b7 Speed \u200b\u200bcontrol mode: 7-speed speed control \u00b7 Product speed: 4000-9000 https:\/\/goods-vod.kwcdn.com\/goods-video\/9c99048588b4c7a9176c10054156729164e2a107.f30.mp4 https:\/\/goods-vod.kwcdn.com\/goods-video\/ecf09e29b67985f51591829447e37c2a5fe8d58a.f30.mp4 User Manual &nbsp; Name: [&hellip;]<\/p>\n","protected":false},"featured_media":36336,"comment_status":"open","ping_status":"closed","template":"","meta":[],"product_brand":[],"product_cat":[15,509],"product_tag":[],"class_list":{"0":"post-36302","1":"product","2":"type-product","3":"status-publish","4":"has-post-thumbnail","6":"product_cat-more","7":"product_cat-accessors","10":"first","11":"instock","12":"sale","13":"taxable","14":"shipping-taxable","15":"purchasable","16":"product-type-simple"},"yoast_head":"<!-- This site is optimized with the Yoast SEO plugin v25.3.1 - https:\/\/yoast.com\/wordpress\/plugins\/seo\/ -->\n<title>1 Set Mini Multifunctional Electric Belt Sander for DIY Knife Polishing, Sharpening and Sharpening, 110V\/220V, Plug Powered, EU Plug - roboticaplus<\/title>\n<meta name=\"robots\" content=\"index, follow, max-snippet:-1, max-image-preview:large, max-video-preview:-1\" \/>\n<link rel=\"canonical\" href=\"https:\/\/roboticaplus.com\/he\/product\/1-set-mini-multifunctional-electric-belt-sander-for-diy-knife-polishing-sharpening-and-sharpening-110v-220v-plug-powered-eu-plug\/\" \/>\n<meta property=\"og:locale\" content=\"he_IL\" \/>\n<meta property=\"og:type\" content=\"article\" \/>\n<meta property=\"og:title\" content=\"1 Set Mini Multifunctional Electric Belt Sander for DIY Knife Polishing, Sharpening and Sharpening, 110V\/220V, Plug Powered, EU Plug - roboticaplus\" \/>\n<meta property=\"og:description\" content=\"TDotools https:\/\/goods-vod.kwcdn.com\/goods-video\/7bb69838c087c8ae1a86d127a7fd6341d8f4cc4e.f30.mp4 details keeping Report this item Items included: Case Power supply: Plug Plug specification: European standard plug Operating voltage: 110V\/220V Battery characteristics: without battery Item ID: UN150116 copying \u00b7 Output power: 12-24V \u00b7 No-load decibels: 80 decibels \u00b7 Speed \u200b\u200bcontrol mode: 7-speed speed control \u00b7 Product speed: 4000-9000 https:\/\/goods-vod.kwcdn.com\/goods-video\/9c99048588b4c7a9176c10054156729164e2a107.f30.mp4 https:\/\/goods-vod.kwcdn.com\/goods-video\/ecf09e29b67985f51591829447e37c2a5fe8d58a.f30.mp4 User Manual &nbsp; Name: [&hellip;]\" \/>\n<meta property=\"og:url\" content=\"https:\/\/roboticaplus.com\/he\/product\/1-set-mini-multifunctional-electric-belt-sander-for-diy-knife-polishing-sharpening-and-sharpening-110v-220v-plug-powered-eu-plug\/\" \/>\n<meta property=\"og:site_name\" content=\"roboticaplus\" \/>\n<meta property=\"article:modified_time\" content=\"2026-03-20T01:04:48+00:00\" \/>\n<meta property=\"og:image\" content=\"https:\/\/roboticaplus.com\/wp-content\/uploads\/2024\/10\/757904ba-8719-424c-bfd9-c3666285f737.webp\" \/>\n\t<meta property=\"og:image:width\" content=\"800\" \/>\n\t<meta property=\"og:image:height\" content=\"800\" \/>\n\t<meta property=\"og:image:type\" content=\"image\/webp\" \/>\n<meta name=\"twitter:card\" content=\"summary_large_image\" \/>\n<meta name=\"twitter:label1\" content=\"\u05d6\u05de\u05df \u05e7\u05e8\u05d9\u05d0\u05d4 \u05de\u05d5\u05e2\u05e8\u05da\" \/>\n\t<meta name=\"twitter:data1\" content=\"3 \u05d3\u05e7\u05d5\u05ea\" \/>\n<script type=\"application\/ld+json\" class=\"yoast-schema-graph\">{\"@context\":\"https:\/\/schema.org\",\"@graph\":[{\"@type\":\"WebPage\",\"@id\":\"https:\/\/roboticaplus.com\/he\/product\/1-set-mini-multifunctional-electric-belt-sander-for-diy-knife-polishing-sharpening-and-sharpening-110v-220v-plug-powered-eu-plug\/\",\"url\":\"https:\/\/roboticaplus.com\/he\/product\/1-set-mini-multifunctional-electric-belt-sander-for-diy-knife-polishing-sharpening-and-sharpening-110v-220v-plug-powered-eu-plug\/\",\"name\":\"1 Set Mini Multifunctional Electric Belt Sander for DIY Knife Polishing, Sharpening and Sharpening, 110V\/220V, Plug Powered, EU Plug - roboticaplus\",\"isPartOf\":{\"@id\":\"https:\/\/roboticaplus.com\/he\/#website\"},\"primaryImageOfPage\":{\"@id\":\"https:\/\/roboticaplus.com\/he\/product\/1-set-mini-multifunctional-electric-belt-sander-for-diy-knife-polishing-sharpening-and-sharpening-110v-220v-plug-powered-eu-plug\/#primaryimage\"},\"image\":{\"@id\":\"https:\/\/roboticaplus.com\/he\/product\/1-set-mini-multifunctional-electric-belt-sander-for-diy-knife-polishing-sharpening-and-sharpening-110v-220v-plug-powered-eu-plug\/#primaryimage\"},\"thumbnailUrl\":\"https:\/\/roboticaplus.com\/wp-content\/uploads\/2024\/10\/757904ba-8719-424c-bfd9-c3666285f737.webp\",\"datePublished\":\"2024-10-23T16:04:40+00:00\",\"dateModified\":\"2026-03-20T01:04:48+00:00\",\"breadcrumb\":{\"@id\":\"https:\/\/roboticaplus.com\/he\/product\/1-set-mini-multifunctional-electric-belt-sander-for-diy-knife-polishing-sharpening-and-sharpening-110v-220v-plug-powered-eu-plug\/#breadcrumb\"},\"inLanguage\":\"he-IL\",\"potentialAction\":[{\"@type\":\"ReadAction\",\"target\":[\"https:\/\/roboticaplus.com\/he\/product\/1-set-mini-multifunctional-electric-belt-sander-for-diy-knife-polishing-sharpening-and-sharpening-110v-220v-plug-powered-eu-plug\/\"]}]},{\"@type\":\"ImageObject\",\"inLanguage\":\"he-IL\",\"@id\":\"https:\/\/roboticaplus.com\/he\/product\/1-set-mini-multifunctional-electric-belt-sander-for-diy-knife-polishing-sharpening-and-sharpening-110v-220v-plug-powered-eu-plug\/#primaryimage\",\"url\":\"https:\/\/roboticaplus.com\/wp-content\/uploads\/2024\/10\/757904ba-8719-424c-bfd9-c3666285f737.webp\",\"contentUrl\":\"https:\/\/roboticaplus.com\/wp-content\/uploads\/2024\/10\/757904ba-8719-424c-bfd9-c3666285f737.webp\",\"width\":800,\"height\":800},{\"@type\":\"BreadcrumbList\",\"@id\":\"https:\/\/roboticaplus.com\/he\/product\/1-set-mini-multifunctional-electric-belt-sander-for-diy-knife-polishing-sharpening-and-sharpening-110v-220v-plug-powered-eu-plug\/#breadcrumb\",\"itemListElement\":[{\"@type\":\"ListItem\",\"position\":1,\"name\":\"Home\",\"item\":\"https:\/\/roboticaplus.com\/he\/\"},{\"@type\":\"ListItem\",\"position\":2,\"name\":\"\u05d7\u05e0\u05d5\u05ea\",\"item\":\"https:\/\/roboticaplus.com\/he\/%d7%97%d7%a0%d7%95%d7%aa\/\"},{\"@type\":\"ListItem\",\"position\":3,\"name\":\"1 Set Mini Multifunctional Electric Belt Sander for DIY Knife Polishing, Sharpening and Sharpening, 110V\/220V, Plug Powered, EU Plug\"}]},{\"@type\":\"WebSite\",\"@id\":\"https:\/\/roboticaplus.com\/he\/#website\",\"url\":\"https:\/\/roboticaplus.com\/he\/\",\"name\":\"roboticaplus\",\"description\":\"\",\"publisher\":{\"@id\":\"https:\/\/roboticaplus.com\/he\/#\/schema\/person\/d0721e8acf47518632113889f79c1cef\"},\"potentialAction\":[{\"@type\":\"SearchAction\",\"target\":{\"@type\":\"EntryPoint\",\"urlTemplate\":\"https:\/\/roboticaplus.com\/he\/?s={search_term_string}\"},\"query-input\":{\"@type\":\"PropertyValueSpecification\",\"valueRequired\":true,\"valueName\":\"search_term_string\"}}],\"inLanguage\":\"he-IL\"},{\"@type\":[\"Person\",\"Organization\"],\"@id\":\"https:\/\/roboticaplus.com\/he\/#\/schema\/person\/d0721e8acf47518632113889f79c1cef\",\"name\":\"israrasem\",\"image\":{\"@type\":\"ImageObject\",\"inLanguage\":\"he-IL\",\"@id\":\"https:\/\/roboticaplus.com\/he\/#\/schema\/person\/image\/\",\"url\":\"https:\/\/roboticaplus.com\/wp-content\/uploads\/2024\/04\/logo.png\",\"contentUrl\":\"https:\/\/roboticaplus.com\/wp-content\/uploads\/2024\/04\/logo.png\",\"width\":942,\"height\":233,\"caption\":\"israrasem\"},\"logo\":{\"@id\":\"https:\/\/roboticaplus.com\/he\/#\/schema\/person\/image\/\"},\"sameAs\":[\"https:\/\/roboticaplus.com\"]}]}<\/script>\n<!-- \/ Yoast SEO plugin. -->","yoast_head_json":{"title":"1 Set Mini Multifunctional Electric Belt Sander for DIY Knife Polishing, Sharpening and Sharpening, 110V\/220V, Plug Powered, EU Plug - roboticaplus","robots":{"index":"index","follow":"follow","max-snippet":"max-snippet:-1","max-image-preview":"max-image-preview:large","max-video-preview":"max-video-preview:-1"},"canonical":"https:\/\/roboticaplus.com\/he\/product\/1-set-mini-multifunctional-electric-belt-sander-for-diy-knife-polishing-sharpening-and-sharpening-110v-220v-plug-powered-eu-plug\/","og_locale":"he_IL","og_type":"article","og_title":"1 Set Mini Multifunctional Electric Belt Sander for DIY Knife Polishing, Sharpening and Sharpening, 110V\/220V, Plug Powered, EU Plug - roboticaplus","og_description":"TDotools https:\/\/goods-vod.kwcdn.com\/goods-video\/7bb69838c087c8ae1a86d127a7fd6341d8f4cc4e.f30.mp4 details keeping Report this item Items included: Case Power supply: Plug Plug specification: European standard plug Operating voltage: 110V\/220V Battery characteristics: without battery Item ID: UN150116 copying \u00b7 Output power: 12-24V \u00b7 No-load decibels: 80 decibels \u00b7 Speed \u200b\u200bcontrol mode: 7-speed speed control \u00b7 Product speed: 4000-9000 https:\/\/goods-vod.kwcdn.com\/goods-video\/9c99048588b4c7a9176c10054156729164e2a107.f30.mp4 https:\/\/goods-vod.kwcdn.com\/goods-video\/ecf09e29b67985f51591829447e37c2a5fe8d58a.f30.mp4 User Manual &nbsp; Name: [&hellip;]","og_url":"https:\/\/roboticaplus.com\/he\/product\/1-set-mini-multifunctional-electric-belt-sander-for-diy-knife-polishing-sharpening-and-sharpening-110v-220v-plug-powered-eu-plug\/","og_site_name":"roboticaplus","article_modified_time":"2026-03-20T01:04:48+00:00","og_image":[{"width":800,"height":800,"url":"https:\/\/roboticaplus.com\/wp-content\/uploads\/2024\/10\/757904ba-8719-424c-bfd9-c3666285f737.webp","type":"image\/webp"}],"twitter_card":"summary_large_image","twitter_misc":{"\u05d6\u05de\u05df \u05e7\u05e8\u05d9\u05d0\u05d4 \u05de\u05d5\u05e2\u05e8\u05da":"3 \u05d3\u05e7\u05d5\u05ea"},"schema":{"@context":"https:\/\/schema.org","@graph":[{"@type":"WebPage","@id":"https:\/\/roboticaplus.com\/he\/product\/1-set-mini-multifunctional-electric-belt-sander-for-diy-knife-polishing-sharpening-and-sharpening-110v-220v-plug-powered-eu-plug\/","url":"https:\/\/roboticaplus.com\/he\/product\/1-set-mini-multifunctional-electric-belt-sander-for-diy-knife-polishing-sharpening-and-sharpening-110v-220v-plug-powered-eu-plug\/","name":"1 Set Mini Multifunctional Electric Belt Sander for DIY Knife Polishing, Sharpening and Sharpening, 110V\/220V, Plug Powered, EU Plug - roboticaplus","isPartOf":{"@id":"https:\/\/roboticaplus.com\/he\/#website"},"primaryImageOfPage":{"@id":"https:\/\/roboticaplus.com\/he\/product\/1-set-mini-multifunctional-electric-belt-sander-for-diy-knife-polishing-sharpening-and-sharpening-110v-220v-plug-powered-eu-plug\/#primaryimage"},"image":{"@id":"https:\/\/roboticaplus.com\/he\/product\/1-set-mini-multifunctional-electric-belt-sander-for-diy-knife-polishing-sharpening-and-sharpening-110v-220v-plug-powered-eu-plug\/#primaryimage"},"thumbnailUrl":"https:\/\/roboticaplus.com\/wp-content\/uploads\/2024\/10\/757904ba-8719-424c-bfd9-c3666285f737.webp","datePublished":"2024-10-23T16:04:40+00:00","dateModified":"2026-03-20T01:04:48+00:00","breadcrumb":{"@id":"https:\/\/roboticaplus.com\/he\/product\/1-set-mini-multifunctional-electric-belt-sander-for-diy-knife-polishing-sharpening-and-sharpening-110v-220v-plug-powered-eu-plug\/#breadcrumb"},"inLanguage":"he-IL","potentialAction":[{"@type":"ReadAction","target":["https:\/\/roboticaplus.com\/he\/product\/1-set-mini-multifunctional-electric-belt-sander-for-diy-knife-polishing-sharpening-and-sharpening-110v-220v-plug-powered-eu-plug\/"]}]},{"@type":"ImageObject","inLanguage":"he-IL","@id":"https:\/\/roboticaplus.com\/he\/product\/1-set-mini-multifunctional-electric-belt-sander-for-diy-knife-polishing-sharpening-and-sharpening-110v-220v-plug-powered-eu-plug\/#primaryimage","url":"https:\/\/roboticaplus.com\/wp-content\/uploads\/2024\/10\/757904ba-8719-424c-bfd9-c3666285f737.webp","contentUrl":"https:\/\/roboticaplus.com\/wp-content\/uploads\/2024\/10\/757904ba-8719-424c-bfd9-c3666285f737.webp","width":800,"height":800},{"@type":"BreadcrumbList","@id":"https:\/\/roboticaplus.com\/he\/product\/1-set-mini-multifunctional-electric-belt-sander-for-diy-knife-polishing-sharpening-and-sharpening-110v-220v-plug-powered-eu-plug\/#breadcrumb","itemListElement":[{"@type":"ListItem","position":1,"name":"Home","item":"https:\/\/roboticaplus.com\/he\/"},{"@type":"ListItem","position":2,"name":"\u05d7\u05e0\u05d5\u05ea","item":"https:\/\/roboticaplus.com\/he\/%d7%97%d7%a0%d7%95%d7%aa\/"},{"@type":"ListItem","position":3,"name":"1 Set Mini Multifunctional Electric Belt Sander for DIY Knife Polishing, Sharpening and Sharpening, 110V\/220V, Plug Powered, EU Plug"}]},{"@type":"WebSite","@id":"https:\/\/roboticaplus.com\/he\/#website","url":"https:\/\/roboticaplus.com\/he\/","name":"roboticaplus","description":"","publisher":{"@id":"https:\/\/roboticaplus.com\/he\/#\/schema\/person\/d0721e8acf47518632113889f79c1cef"},"potentialAction":[{"@type":"SearchAction","target":{"@type":"EntryPoint","urlTemplate":"https:\/\/roboticaplus.com\/he\/?s={search_term_string}"},"query-input":{"@type":"PropertyValueSpecification","valueRequired":true,"valueName":"search_term_string"}}],"inLanguage":"he-IL"},{"@type":["Person","Organization"],"@id":"https:\/\/roboticaplus.com\/he\/#\/schema\/person\/d0721e8acf47518632113889f79c1cef","name":"israrasem","image":{"@type":"ImageObject","inLanguage":"he-IL","@id":"https:\/\/roboticaplus.com\/he\/#\/schema\/person\/image\/","url":"https:\/\/roboticaplus.com\/wp-content\/uploads\/2024\/04\/logo.png","contentUrl":"https:\/\/roboticaplus.com\/wp-content\/uploads\/2024\/04\/logo.png","width":942,"height":233,"caption":"israrasem"},"logo":{"@id":"https:\/\/roboticaplus.com\/he\/#\/schema\/person\/image\/"},"sameAs":["https:\/\/roboticaplus.com"]}]}},"_links":{"self":[{"href":"https:\/\/roboticaplus.com\/he\/wp-json\/wp\/v2\/product\/36302","targetHints":{"allow":["GET"]}}],"collection":[{"href":"https:\/\/roboticaplus.com\/he\/wp-json\/wp\/v2\/product"}],"about":[{"href":"https:\/\/roboticaplus.com\/he\/wp-json\/wp\/v2\/types\/product"}],"replies":[{"embeddable":true,"href":"https:\/\/roboticaplus.com\/he\/wp-json\/wp\/v2\/comments?post=36302"}],"version-history":[{"count":1,"href":"https:\/\/roboticaplus.com\/he\/wp-json\/wp\/v2\/product\/36302\/revisions"}],"predecessor-version":[{"id":36372,"href":"https:\/\/roboticaplus.com\/he\/wp-json\/wp\/v2\/product\/36302\/revisions\/36372"}],"wp:featuredmedia":[{"embeddable":true,"href":"https:\/\/roboticaplus.com\/he\/wp-json\/wp\/v2\/media\/36336"}],"wp:attachment":[{"href":"https:\/\/roboticaplus.com\/he\/wp-json\/wp\/v2\/media?parent=36302"}],"wp:term":[{"taxonomy":"product_brand","embeddable":true,"href":"https:\/\/roboticaplus.com\/he\/wp-json\/wp\/v2\/product_brand?post=36302"},{"taxonomy":"product_cat","embeddable":true,"href":"https:\/\/roboticaplus.com\/he\/wp-json\/wp\/v2\/product_cat?post=36302"},{"taxonomy":"product_tag","embeddable":true,"href":"https:\/\/roboticaplus.com\/he\/wp-json\/wp\/v2\/product_tag?post=36302"}],"curies":[{"name":"wp","href":"https:\/\/api.w.org\/{rel}","templated":true}]}}