{"id":41648,"date":"2026-04-08T23:18:14","date_gmt":"2026-04-08T23:18:14","guid":{"rendered":"https:\/\/roboticaplus.com\/?post_type=product&#038;p=41648"},"modified":"2026-04-08T23:18:14","modified_gmt":"2026-04-08T23:18:14","slug":"rp2040-zero-a-pico-like-mcu-board-based-on-raspberry-pi-mcu-rp2040-mini-ver","status":"publish","type":"product","link":"https:\/\/roboticaplus.com\/ar\/product\/rp2040-zero-a-pico-like-mcu-board-based-on-raspberry-pi-mcu-rp2040-mini-ver\/","title":{"rendered":"RP2040-Zero, a Pico-like MCU Board Based on Raspberry Pi MCU RP2040, Mini ver."},"content":{"rendered":"<p><img decoding=\"async\" class=\"\" src=\"https:\/\/piitel.co.il\/wp-content\/uploads\/2017\/08\/Copy-of-Approved-Reseller-Logo_Colour-Print.jpg\" width=\"385\" height=\"118\" \/><\/p>\n<p>RP2040-Zero, a Pico-like MCU Board Based on Raspberry Pi MCU RP2040, Mini ver.<\/p>\n<p>RP2040-Zero, a low-cost, high-performance Pico-like MCU board based on Raspberry Pi microcontroller RP2040<\/p>\n<div class=\"pdT\">\n<div class=\"richTitle\">RP2040 MCU Board\u00a0<span class=\"hilitBlock\">Zero<\/span><\/div>\n<p class=\"hilitBlock2\">a Pico-like MCU board based on Raspberry Pi RP2040<\/p>\n<p class=\"richDesc\">Castellated module, suitable for SMD applications<\/p>\n<p><img decoding=\"async\" class=\"aligncenter\" src=\"https:\/\/www.waveshare.com\/img\/devkit\/RP2040-Zero\/RP2040-Zero-details-1.jpg\" \/><\/p>\n<\/div>\n<div class=\"pdT\">\n<div class=\"richTitle\">Board specifications<\/div>\n<div class=\"pdTRBL2 subBlock alignl\">\n<ul>\n<li>RP2040 microcontroller chip designed by Raspberry Pi in the United Kingdom<\/li>\n<li>Dual-core Arm Cortex M0+ processor, flexible clock running up to 133 MHz<\/li>\n<li>264KB of SRAM, and 2MB of on-board Flash memory<\/li>\n<li>USB-C connector, keeps it up to date, easier to use<\/li>\n<li>Castellated module allows soldering direct to carrier boards<\/li>\n<li>USB 1.1 with device and host support<\/li>\n<li>Low-power sleep and dormant modes<\/li>\n<li>Drag-and-drop programming using mass storage over USB<\/li>\n<li>29 \u00d7 multi-function GPIO pins (20\u00d7 via edge pinout, others via solder points)<\/li>\n<li>2 \u00d7 SPI, 2 \u00d7 I2C, 2 \u00d7 UART, 4 \u00d7 12-bit ADC, 16 \u00d7 controllable PWM channels<\/li>\n<li>Accurate clock and timer on-chip<\/li>\n<li>Temperature sensor<\/li>\n<li>Accelerated floating-point libraries on-chip<\/li>\n<li>8 \u00d7 Programmable I\/O (PIO) state machines for custom peripheral support<\/li>\n<\/ul>\n<\/div>\n<\/div>\n<div>\n<div class=\"richTitle\">Pinheader options<\/div>\n<p><img decoding=\"async\" src=\"https:\/\/www.waveshare.com\/img\/devkit\/RP2040-Zero\/RP2040-Zero-details-3.jpg\" \/><\/p>\n<\/div>\n<div>\n<div class=\"richTitle\">C\/C++, MicroPython support<\/div>\n<p class=\"richDesc\">Comprehensive SDK, dev resources, tutorials to help you easily get started<\/p>\n<p><img decoding=\"async\" src=\"https:\/\/www.waveshare.com\/img\/devkit\/Raspberry-Pi-Pico\/Raspberry-Pi-Pico-details-7.jpg\" alt=\"\" \/><\/p>\n<\/div>\n<div class=\"pdT\">\n<div class=\"richTitle\">Dual-core Arm processor<\/div>\n<p class=\"richDesc\">Dual-core Arm Cortex M0+ processor, flexible clock running up to 133 MHz<\/p>\n<p><img decoding=\"async\" src=\"https:\/\/www.waveshare.com\/img\/devkit\/Raspberry-Pi-Pico\/Raspberry-Pi-Pico-details-3.jpg\" alt=\"\" \/><\/p>\n<\/div>\n<div class=\"pdT\">\n<div class=\"richTitle\">29 \u00d7 multi-function GPIO pins<\/div>\n<p class=\"richDesc\">configurable pin function, allows flexible development and integration<\/p>\n<p><img decoding=\"async\" src=\"https:\/\/www.waveshare.com\/img\/devkit\/RP2040-Zero\/RP2040-Zero-details-7.jpg\" \/><\/p>\n<\/div>\n<div>\n<div class=\"richTitle\">What\u2019s On Board<\/div>\n<p><img decoding=\"async\" src=\"https:\/\/www.waveshare.com\/img\/devkit\/RP2040-Zero\/RP2040-Zero-details-intro.jpg\" \/><\/p>\n<div class=\"richGridWrap richGridWrap-valignTop richGridWrap-2c alignl subBlock bgGrey\">\n<div>\n<ol>\n<li><strong>USB Type-C connector<\/strong><\/li>\n<li><strong>W25Q16JVUXIQ<\/strong><br \/>\n2MB NOR-Flash<\/li>\n<li><strong>BOOT button<\/strong><br \/>\npress it when resetting to enter download mode<\/li>\n<li><strong>RESET button<\/strong><\/li>\n<li><strong>WS2812<\/strong><br \/>\ncool RGB LED<\/li>\n<\/ol>\n<\/div>\n<div>\n<ol start=\"6\">\n<li><strong>ME6217C33M5G<\/strong><br \/>\nlow dropout LDO, max current 800MA<\/li>\n<li><strong>RP2040<\/strong><br \/>\ndual-core processor, up to 133MHz operating frequency<\/li>\n<li><strong>RP2040 pins<\/strong><br \/>\n10x solder points, 9 of which are for GPIO<\/li>\n<\/ol>\n<\/div>\n<\/div>\n<\/div>\n<div>\n<div class=\"richTitle\">outline dimensions<\/div>\n<p><img decoding=\"async\" src=\"https:\/\/www.waveshare.com\/img\/devkit\/RP2040-Zero\/RP2040-Zero-details-size.jpg\" \/><\/p>\n<\/div>\n<div>\n<div class=\"richTitle\">Resources &amp; Services<\/div>\n<p><img decoding=\"async\" class=\"aligncenter\" src=\"https:\/\/www.waveshare.com\/img\/devkit\/LCD\/common\/res_banner.png\" \/><\/p>\n<div class=\"bgGrey\"><strong>Wiki:\u00a0<\/strong><a href=\"http:\/\/www.waveshare.com\/wiki\/RP2040-Zero\" target=\"_blank\" rel=\"noopener noreferrer\">RP2040-Zero<\/a><\/div>\n<\/div>\n","protected":false},"excerpt":{"rendered":"<p><img decoding=\"async\" class=\"\" src=\"https:\/\/piitel.co.il\/wp-content\/uploads\/2017\/08\/Copy-of-Approved-Reseller-Logo_Colour-Print.jpg\" width=\"216\" height=\"66\" \/><\/p>\n","protected":false},"featured_media":41649,"comment_status":"open","ping_status":"closed","template":"","meta":[],"product_brand":[],"product_cat":[441],"product_tag":[],"class_list":{"0":"post-41648","1":"product","2":"type-product","3":"status-publish","4":"has-post-thumbnail","6":"product_cat-raspberrypi1","9":"first","10":"instock","11":"sale","12":"taxable","13":"shipping-taxable","14":"purchasable","15":"product-type-simple"},"yoast_head":"<!-- This site is optimized with the Yoast SEO plugin v25.3.1 - https:\/\/yoast.com\/wordpress\/plugins\/seo\/ -->\n<title>RP2040-Zero, a Pico-like MCU Board Based on Raspberry Pi MCU RP2040, Mini ver. - roboticaplus<\/title>\n<meta name=\"robots\" content=\"index, follow, max-snippet:-1, max-image-preview:large, max-video-preview:-1\" \/>\n<link rel=\"canonical\" href=\"https:\/\/roboticaplus.com\/ar\/product\/rp2040-zero-a-pico-like-mcu-board-based-on-raspberry-pi-mcu-rp2040-mini-ver\/\" \/>\n<meta property=\"og:locale\" content=\"ar_AR\" \/>\n<meta property=\"og:type\" content=\"article\" \/>\n<meta property=\"og:title\" content=\"RP2040-Zero, a Pico-like MCU Board Based on Raspberry Pi MCU RP2040, Mini ver. - roboticaplus\" \/>\n<meta property=\"og:url\" content=\"https:\/\/roboticaplus.com\/ar\/product\/rp2040-zero-a-pico-like-mcu-board-based-on-raspberry-pi-mcu-rp2040-mini-ver\/\" \/>\n<meta property=\"og:site_name\" content=\"roboticaplus\" \/>\n<meta property=\"og:image\" content=\"https:\/\/roboticaplus.com\/wp-content\/uploads\/2026\/04\/rp2040-zero-1_1.jpg\" \/>\n\t<meta property=\"og:image:width\" content=\"800\" \/>\n\t<meta property=\"og:image:height\" content=\"800\" \/>\n\t<meta property=\"og:image:type\" content=\"image\/jpeg\" \/>\n<meta name=\"twitter:card\" content=\"summary_large_image\" \/>\n<meta name=\"twitter:label1\" content=\"\u0648\u0642\u062a \u0627\u0644\u0642\u0631\u0627\u0621\u0629 \u0627\u0644\u0645\u064f\u0642\u062f\u0651\u0631\" \/>\n\t<meta name=\"twitter:data1\" content=\"4 \u062f\u0642\u0627\u0626\u0642\" \/>\n<script type=\"application\/ld+json\" class=\"yoast-schema-graph\">{\"@context\":\"https:\/\/schema.org\",\"@graph\":[{\"@type\":\"WebPage\",\"@id\":\"https:\/\/roboticaplus.com\/ar\/product\/rp2040-zero-a-pico-like-mcu-board-based-on-raspberry-pi-mcu-rp2040-mini-ver\/\",\"url\":\"https:\/\/roboticaplus.com\/ar\/product\/rp2040-zero-a-pico-like-mcu-board-based-on-raspberry-pi-mcu-rp2040-mini-ver\/\",\"name\":\"RP2040-Zero, a Pico-like MCU Board Based on Raspberry Pi MCU RP2040, Mini ver. - roboticaplus\",\"isPartOf\":{\"@id\":\"https:\/\/roboticaplus.com\/ar\/#website\"},\"primaryImageOfPage\":{\"@id\":\"https:\/\/roboticaplus.com\/ar\/product\/rp2040-zero-a-pico-like-mcu-board-based-on-raspberry-pi-mcu-rp2040-mini-ver\/#primaryimage\"},\"image\":{\"@id\":\"https:\/\/roboticaplus.com\/ar\/product\/rp2040-zero-a-pico-like-mcu-board-based-on-raspberry-pi-mcu-rp2040-mini-ver\/#primaryimage\"},\"thumbnailUrl\":\"https:\/\/roboticaplus.com\/wp-content\/uploads\/2026\/04\/rp2040-zero-1_1.jpg\",\"datePublished\":\"2026-04-08T23:18:14+00:00\",\"breadcrumb\":{\"@id\":\"https:\/\/roboticaplus.com\/ar\/product\/rp2040-zero-a-pico-like-mcu-board-based-on-raspberry-pi-mcu-rp2040-mini-ver\/#breadcrumb\"},\"inLanguage\":\"ar\",\"potentialAction\":[{\"@type\":\"ReadAction\",\"target\":[\"https:\/\/roboticaplus.com\/ar\/product\/rp2040-zero-a-pico-like-mcu-board-based-on-raspberry-pi-mcu-rp2040-mini-ver\/\"]}]},{\"@type\":\"ImageObject\",\"inLanguage\":\"ar\",\"@id\":\"https:\/\/roboticaplus.com\/ar\/product\/rp2040-zero-a-pico-like-mcu-board-based-on-raspberry-pi-mcu-rp2040-mini-ver\/#primaryimage\",\"url\":\"https:\/\/roboticaplus.com\/wp-content\/uploads\/2026\/04\/rp2040-zero-1_1.jpg\",\"contentUrl\":\"https:\/\/roboticaplus.com\/wp-content\/uploads\/2026\/04\/rp2040-zero-1_1.jpg\",\"width\":800,\"height\":800},{\"@type\":\"BreadcrumbList\",\"@id\":\"https:\/\/roboticaplus.com\/ar\/product\/rp2040-zero-a-pico-like-mcu-board-based-on-raspberry-pi-mcu-rp2040-mini-ver\/#breadcrumb\",\"itemListElement\":[{\"@type\":\"ListItem\",\"position\":1,\"name\":\"Home\",\"item\":\"https:\/\/roboticaplus.com\/ar\/\"},{\"@type\":\"ListItem\",\"position\":2,\"name\":\"\u0627\u0644\u0645\u062a\u062c\u0631\",\"item\":\"https:\/\/roboticaplus.com\/ar\/shop\/\"},{\"@type\":\"ListItem\",\"position\":3,\"name\":\"RP2040-Zero, a Pico-like MCU Board Based on Raspberry Pi MCU RP2040, Mini ver.\"}]},{\"@type\":\"WebSite\",\"@id\":\"https:\/\/roboticaplus.com\/ar\/#website\",\"url\":\"https:\/\/roboticaplus.com\/ar\/\",\"name\":\"roboticaplus\",\"description\":\"\",\"publisher\":{\"@id\":\"https:\/\/roboticaplus.com\/ar\/#\/schema\/person\/d0721e8acf47518632113889f79c1cef\"},\"potentialAction\":[{\"@type\":\"SearchAction\",\"target\":{\"@type\":\"EntryPoint\",\"urlTemplate\":\"https:\/\/roboticaplus.com\/ar\/?s={search_term_string}\"},\"query-input\":{\"@type\":\"PropertyValueSpecification\",\"valueRequired\":true,\"valueName\":\"search_term_string\"}}],\"inLanguage\":\"ar\"},{\"@type\":[\"Person\",\"Organization\"],\"@id\":\"https:\/\/roboticaplus.com\/ar\/#\/schema\/person\/d0721e8acf47518632113889f79c1cef\",\"name\":\"israrasem\",\"image\":{\"@type\":\"ImageObject\",\"inLanguage\":\"ar\",\"@id\":\"https:\/\/roboticaplus.com\/ar\/#\/schema\/person\/image\/\",\"url\":\"https:\/\/roboticaplus.com\/wp-content\/uploads\/2024\/04\/logo.png\",\"contentUrl\":\"https:\/\/roboticaplus.com\/wp-content\/uploads\/2024\/04\/logo.png\",\"width\":942,\"height\":233,\"caption\":\"israrasem\"},\"logo\":{\"@id\":\"https:\/\/roboticaplus.com\/ar\/#\/schema\/person\/image\/\"},\"sameAs\":[\"https:\/\/roboticaplus.com\"]}]}<\/script>\n<!-- \/ Yoast SEO plugin. -->","yoast_head_json":{"title":"RP2040-Zero, a Pico-like MCU Board Based on Raspberry Pi MCU RP2040, Mini ver. - roboticaplus","robots":{"index":"index","follow":"follow","max-snippet":"max-snippet:-1","max-image-preview":"max-image-preview:large","max-video-preview":"max-video-preview:-1"},"canonical":"https:\/\/roboticaplus.com\/ar\/product\/rp2040-zero-a-pico-like-mcu-board-based-on-raspberry-pi-mcu-rp2040-mini-ver\/","og_locale":"ar_AR","og_type":"article","og_title":"RP2040-Zero, a Pico-like MCU Board Based on Raspberry Pi MCU RP2040, Mini ver. - roboticaplus","og_url":"https:\/\/roboticaplus.com\/ar\/product\/rp2040-zero-a-pico-like-mcu-board-based-on-raspberry-pi-mcu-rp2040-mini-ver\/","og_site_name":"roboticaplus","og_image":[{"width":800,"height":800,"url":"https:\/\/roboticaplus.com\/wp-content\/uploads\/2026\/04\/rp2040-zero-1_1.jpg","type":"image\/jpeg"}],"twitter_card":"summary_large_image","twitter_misc":{"\u0648\u0642\u062a \u0627\u0644\u0642\u0631\u0627\u0621\u0629 \u0627\u0644\u0645\u064f\u0642\u062f\u0651\u0631":"4 \u062f\u0642\u0627\u0626\u0642"},"schema":{"@context":"https:\/\/schema.org","@graph":[{"@type":"WebPage","@id":"https:\/\/roboticaplus.com\/ar\/product\/rp2040-zero-a-pico-like-mcu-board-based-on-raspberry-pi-mcu-rp2040-mini-ver\/","url":"https:\/\/roboticaplus.com\/ar\/product\/rp2040-zero-a-pico-like-mcu-board-based-on-raspberry-pi-mcu-rp2040-mini-ver\/","name":"RP2040-Zero, a Pico-like MCU Board Based on Raspberry Pi MCU RP2040, Mini ver. - roboticaplus","isPartOf":{"@id":"https:\/\/roboticaplus.com\/ar\/#website"},"primaryImageOfPage":{"@id":"https:\/\/roboticaplus.com\/ar\/product\/rp2040-zero-a-pico-like-mcu-board-based-on-raspberry-pi-mcu-rp2040-mini-ver\/#primaryimage"},"image":{"@id":"https:\/\/roboticaplus.com\/ar\/product\/rp2040-zero-a-pico-like-mcu-board-based-on-raspberry-pi-mcu-rp2040-mini-ver\/#primaryimage"},"thumbnailUrl":"https:\/\/roboticaplus.com\/wp-content\/uploads\/2026\/04\/rp2040-zero-1_1.jpg","datePublished":"2026-04-08T23:18:14+00:00","breadcrumb":{"@id":"https:\/\/roboticaplus.com\/ar\/product\/rp2040-zero-a-pico-like-mcu-board-based-on-raspberry-pi-mcu-rp2040-mini-ver\/#breadcrumb"},"inLanguage":"ar","potentialAction":[{"@type":"ReadAction","target":["https:\/\/roboticaplus.com\/ar\/product\/rp2040-zero-a-pico-like-mcu-board-based-on-raspberry-pi-mcu-rp2040-mini-ver\/"]}]},{"@type":"ImageObject","inLanguage":"ar","@id":"https:\/\/roboticaplus.com\/ar\/product\/rp2040-zero-a-pico-like-mcu-board-based-on-raspberry-pi-mcu-rp2040-mini-ver\/#primaryimage","url":"https:\/\/roboticaplus.com\/wp-content\/uploads\/2026\/04\/rp2040-zero-1_1.jpg","contentUrl":"https:\/\/roboticaplus.com\/wp-content\/uploads\/2026\/04\/rp2040-zero-1_1.jpg","width":800,"height":800},{"@type":"BreadcrumbList","@id":"https:\/\/roboticaplus.com\/ar\/product\/rp2040-zero-a-pico-like-mcu-board-based-on-raspberry-pi-mcu-rp2040-mini-ver\/#breadcrumb","itemListElement":[{"@type":"ListItem","position":1,"name":"Home","item":"https:\/\/roboticaplus.com\/ar\/"},{"@type":"ListItem","position":2,"name":"\u0627\u0644\u0645\u062a\u062c\u0631","item":"https:\/\/roboticaplus.com\/ar\/shop\/"},{"@type":"ListItem","position":3,"name":"RP2040-Zero, a Pico-like MCU Board Based on Raspberry Pi MCU RP2040, Mini ver."}]},{"@type":"WebSite","@id":"https:\/\/roboticaplus.com\/ar\/#website","url":"https:\/\/roboticaplus.com\/ar\/","name":"roboticaplus","description":"","publisher":{"@id":"https:\/\/roboticaplus.com\/ar\/#\/schema\/person\/d0721e8acf47518632113889f79c1cef"},"potentialAction":[{"@type":"SearchAction","target":{"@type":"EntryPoint","urlTemplate":"https:\/\/roboticaplus.com\/ar\/?s={search_term_string}"},"query-input":{"@type":"PropertyValueSpecification","valueRequired":true,"valueName":"search_term_string"}}],"inLanguage":"ar"},{"@type":["Person","Organization"],"@id":"https:\/\/roboticaplus.com\/ar\/#\/schema\/person\/d0721e8acf47518632113889f79c1cef","name":"israrasem","image":{"@type":"ImageObject","inLanguage":"ar","@id":"https:\/\/roboticaplus.com\/ar\/#\/schema\/person\/image\/","url":"https:\/\/roboticaplus.com\/wp-content\/uploads\/2024\/04\/logo.png","contentUrl":"https:\/\/roboticaplus.com\/wp-content\/uploads\/2024\/04\/logo.png","width":942,"height":233,"caption":"israrasem"},"logo":{"@id":"https:\/\/roboticaplus.com\/ar\/#\/schema\/person\/image\/"},"sameAs":["https:\/\/roboticaplus.com"]}]}},"_links":{"self":[{"href":"https:\/\/roboticaplus.com\/ar\/wp-json\/wp\/v2\/product\/41648","targetHints":{"allow":["GET"]}}],"collection":[{"href":"https:\/\/roboticaplus.com\/ar\/wp-json\/wp\/v2\/product"}],"about":[{"href":"https:\/\/roboticaplus.com\/ar\/wp-json\/wp\/v2\/types\/product"}],"replies":[{"embeddable":true,"href":"https:\/\/roboticaplus.com\/ar\/wp-json\/wp\/v2\/comments?post=41648"}],"version-history":[{"count":1,"href":"https:\/\/roboticaplus.com\/ar\/wp-json\/wp\/v2\/product\/41648\/revisions"}],"predecessor-version":[{"id":41664,"href":"https:\/\/roboticaplus.com\/ar\/wp-json\/wp\/v2\/product\/41648\/revisions\/41664"}],"wp:featuredmedia":[{"embeddable":true,"href":"https:\/\/roboticaplus.com\/ar\/wp-json\/wp\/v2\/media\/41649"}],"wp:attachment":[{"href":"https:\/\/roboticaplus.com\/ar\/wp-json\/wp\/v2\/media?parent=41648"}],"wp:term":[{"taxonomy":"product_brand","embeddable":true,"href":"https:\/\/roboticaplus.com\/ar\/wp-json\/wp\/v2\/product_brand?post=41648"},{"taxonomy":"product_cat","embeddable":true,"href":"https:\/\/roboticaplus.com\/ar\/wp-json\/wp\/v2\/product_cat?post=41648"},{"taxonomy":"product_tag","embeddable":true,"href":"https:\/\/roboticaplus.com\/ar\/wp-json\/wp\/v2\/product_tag?post=41648"}],"curies":[{"name":"wp","href":"https:\/\/api.w.org\/{rel}","templated":true}]}}