{"id":41199,"date":"2026-04-08T17:32:57","date_gmt":"2026-04-08T17:32:57","guid":{"rendered":"https:\/\/roboticaplus.com\/?post_type=product&#038;p=41199"},"modified":"2026-04-08T17:32:57","modified_gmt":"2026-04-08T17:32:57","slug":"raspberry-pi-pico-h","status":"publish","type":"product","link":"https:\/\/roboticaplus.com\/ar\/product\/raspberry-pi-pico-h\/","title":{"rendered":"Raspberry Pi Pico H"},"content":{"rendered":"<p><img fetchpriority=\"high\" decoding=\"async\" class=\"\" src=\"https:\/\/piitel.co.il\/wp-content\/uploads\/2017\/08\/Copy-of-Approved-Reseller-Logo_Colour-Print.jpg\" width=\"480\" height=\"147\" \/><\/p>\n<h1 class=\"product-title product_title entry-title\">Raspberry Pi Pico H<\/h1>\n<p dir=\"ltr\">The new flexible microcontroller board from Raspberry Pi, based on the PICO silicon microcontroller.<\/p>\n<p dir=\"ltr\"><strong>This is the pre-soldered connectors Pico H model,<\/strong><\/p>\n<p dir=\"ltr\">as well as\u00a0<a href=\"https:\/\/piitel.co.il\/shop\/raspberry-pi-pico-w\/\">Pico W<\/a>\u00a0\u2013\u00a0 with wireless enabled<\/p>\n<p dir=\"ltr\">and\u00a0<a href=\"https:\/\/piitel.co.il\/shop\/raspberry-pi-pico-wh\/\">Pico WH<\/a>\u00a0With wireless and pre-soldered connectors .<\/p>\n<p dir=\"ltr\">This product is an update of the\u00a0<a href=\"https:\/\/piitel.co.il\/shop\/pico\/\">Raspberry Pi Pico, first product built on silicon<\/a>\u00a0designed at Raspberry Pi.<\/p>\n<h2 dir=\"ltr\">Board Specifications<\/h2>\n<p dir=\"ltr\"><b>Raspberry Pi Pico is a low-cost, high-performance microcontroller board with flexible digital interfaces. Key features include:<\/b><\/p>\n<div class=\"splitList\" dir=\"ltr\">\n<div class=\"splitList-col\">\n<ul>\n<li>RP2040 microcontroller chip designed by Raspberry Pi in the United Kingdom<\/li>\n<li>Dual-core ARM Cortex M0+ processor, flexible clock running up to 133 MHz<\/li>\n<li>264kB of SRAM, and 2MB of on-board Flash memory<\/li>\n<li>Castellated module allows soldering direct to carrier boards<\/li>\n<li>USB 1.1 Host and Device support<\/li>\n<li>Low-power sleep and dormant modes<\/li>\n<\/ul>\n<\/div>\n<div class=\"splitList-col\">\n<ul>\n<li>Drag &amp; drop programming using mass storage over USB<\/li>\n<li>26 multi-function GPIO pins<\/li>\n<li>2\u00d7SPI, 2\u00d7I2C, 2\u00d7UART, 3\u00d712-bit ADC, 16\u00d7controllable PWM channels<\/li>\n<li>Accurate clock and timer on-chip<\/li>\n<li>Temperature sensor<\/li>\n<li>Accelerated floating point libraries on-chip<\/li>\n<li>8\u00d7Programmable IO (PIO) state machines for custom peripheral support<\/li>\n<\/ul>\n<\/div>\n<\/div>\n","protected":false},"excerpt":{"rendered":"<p><img decoding=\"async\" class=\"\" src=\"https:\/\/piitel.co.il\/wp-content\/uploads\/2017\/08\/Copy-of-Approved-Reseller-Logo_Colour-Print.jpg\" width=\"327\" height=\"100\" \/><\/p>\n","protected":false},"featured_media":41200,"comment_status":"open","ping_status":"closed","template":"","meta":[],"product_brand":[],"product_cat":[441],"product_tag":[],"class_list":{"0":"post-41199","1":"product","2":"type-product","3":"status-publish","4":"has-post-thumbnail","6":"product_cat-raspberrypi1","9":"first","10":"instock","11":"sale","12":"taxable","13":"shipping-taxable","14":"purchasable","15":"product-type-simple"},"yoast_head":"<!-- This site is optimized with the Yoast SEO plugin v25.3.1 - https:\/\/yoast.com\/wordpress\/plugins\/seo\/ -->\n<title>Raspberry Pi Pico H - roboticaplus<\/title>\n<meta name=\"robots\" content=\"index, follow, max-snippet:-1, max-image-preview:large, max-video-preview:-1\" \/>\n<link rel=\"canonical\" href=\"https:\/\/roboticaplus.com\/ar\/product\/raspberry-pi-pico-h\/\" \/>\n<meta property=\"og:locale\" content=\"ar_AR\" \/>\n<meta property=\"og:type\" content=\"article\" \/>\n<meta property=\"og:title\" content=\"Raspberry Pi Pico H - roboticaplus\" \/>\n<meta property=\"og:url\" content=\"https:\/\/roboticaplus.com\/ar\/product\/raspberry-pi-pico-h\/\" \/>\n<meta property=\"og:site_name\" content=\"roboticaplus\" \/>\n<meta property=\"og:image\" content=\"https:\/\/roboticaplus.com\/wp-content\/uploads\/2026\/04\/PICO_H_HERO_1_TRANSPARENT-Large.jpeg\" \/>\n\t<meta property=\"og:image:width\" content=\"1280\" \/>\n\t<meta property=\"og:image:height\" content=\"853\" \/>\n\t<meta property=\"og:image:type\" content=\"image\/jpeg\" \/>\n<meta name=\"twitter:card\" content=\"summary_large_image\" \/>\n<meta name=\"twitter:label1\" content=\"\u0648\u0642\u062a \u0627\u0644\u0642\u0631\u0627\u0621\u0629 \u0627\u0644\u0645\u064f\u0642\u062f\u0651\u0631\" \/>\n\t<meta name=\"twitter:data1\" content=\"\u062f\u0642\u064a\u0642\u062a\u0627\u0646\" \/>\n<script type=\"application\/ld+json\" class=\"yoast-schema-graph\">{\"@context\":\"https:\/\/schema.org\",\"@graph\":[{\"@type\":\"WebPage\",\"@id\":\"https:\/\/roboticaplus.com\/ar\/product\/raspberry-pi-pico-h\/\",\"url\":\"https:\/\/roboticaplus.com\/ar\/product\/raspberry-pi-pico-h\/\",\"name\":\"Raspberry Pi Pico H - roboticaplus\",\"isPartOf\":{\"@id\":\"https:\/\/roboticaplus.com\/ar\/#website\"},\"primaryImageOfPage\":{\"@id\":\"https:\/\/roboticaplus.com\/ar\/product\/raspberry-pi-pico-h\/#primaryimage\"},\"image\":{\"@id\":\"https:\/\/roboticaplus.com\/ar\/product\/raspberry-pi-pico-h\/#primaryimage\"},\"thumbnailUrl\":\"https:\/\/roboticaplus.com\/wp-content\/uploads\/2026\/04\/PICO_H_HERO_1_TRANSPARENT-Large.jpeg\",\"datePublished\":\"2026-04-08T17:32:57+00:00\",\"breadcrumb\":{\"@id\":\"https:\/\/roboticaplus.com\/ar\/product\/raspberry-pi-pico-h\/#breadcrumb\"},\"inLanguage\":\"ar\",\"potentialAction\":[{\"@type\":\"ReadAction\",\"target\":[\"https:\/\/roboticaplus.com\/ar\/product\/raspberry-pi-pico-h\/\"]}]},{\"@type\":\"ImageObject\",\"inLanguage\":\"ar\",\"@id\":\"https:\/\/roboticaplus.com\/ar\/product\/raspberry-pi-pico-h\/#primaryimage\",\"url\":\"https:\/\/roboticaplus.com\/wp-content\/uploads\/2026\/04\/PICO_H_HERO_1_TRANSPARENT-Large.jpeg\",\"contentUrl\":\"https:\/\/roboticaplus.com\/wp-content\/uploads\/2026\/04\/PICO_H_HERO_1_TRANSPARENT-Large.jpeg\",\"width\":1280,\"height\":853},{\"@type\":\"BreadcrumbList\",\"@id\":\"https:\/\/roboticaplus.com\/ar\/product\/raspberry-pi-pico-h\/#breadcrumb\",\"itemListElement\":[{\"@type\":\"ListItem\",\"position\":1,\"name\":\"Home\",\"item\":\"https:\/\/roboticaplus.com\/ar\/\"},{\"@type\":\"ListItem\",\"position\":2,\"name\":\"\u0627\u0644\u0645\u062a\u062c\u0631\",\"item\":\"https:\/\/roboticaplus.com\/ar\/shop\/\"},{\"@type\":\"ListItem\",\"position\":3,\"name\":\"Raspberry Pi Pico H\"}]},{\"@type\":\"WebSite\",\"@id\":\"https:\/\/roboticaplus.com\/ar\/#website\",\"url\":\"https:\/\/roboticaplus.com\/ar\/\",\"name\":\"roboticaplus\",\"description\":\"\",\"publisher\":{\"@id\":\"https:\/\/roboticaplus.com\/ar\/#\/schema\/person\/d0721e8acf47518632113889f79c1cef\"},\"potentialAction\":[{\"@type\":\"SearchAction\",\"target\":{\"@type\":\"EntryPoint\",\"urlTemplate\":\"https:\/\/roboticaplus.com\/ar\/?s={search_term_string}\"},\"query-input\":{\"@type\":\"PropertyValueSpecification\",\"valueRequired\":true,\"valueName\":\"search_term_string\"}}],\"inLanguage\":\"ar\"},{\"@type\":[\"Person\",\"Organization\"],\"@id\":\"https:\/\/roboticaplus.com\/ar\/#\/schema\/person\/d0721e8acf47518632113889f79c1cef\",\"name\":\"israrasem\",\"image\":{\"@type\":\"ImageObject\",\"inLanguage\":\"ar\",\"@id\":\"https:\/\/roboticaplus.com\/ar\/#\/schema\/person\/image\/\",\"url\":\"https:\/\/roboticaplus.com\/wp-content\/uploads\/2024\/04\/logo.png\",\"contentUrl\":\"https:\/\/roboticaplus.com\/wp-content\/uploads\/2024\/04\/logo.png\",\"width\":942,\"height\":233,\"caption\":\"israrasem\"},\"logo\":{\"@id\":\"https:\/\/roboticaplus.com\/ar\/#\/schema\/person\/image\/\"},\"sameAs\":[\"https:\/\/roboticaplus.com\"]}]}<\/script>\n<!-- \/ Yoast SEO plugin. -->","yoast_head_json":{"title":"Raspberry Pi Pico H - roboticaplus","robots":{"index":"index","follow":"follow","max-snippet":"max-snippet:-1","max-image-preview":"max-image-preview:large","max-video-preview":"max-video-preview:-1"},"canonical":"https:\/\/roboticaplus.com\/ar\/product\/raspberry-pi-pico-h\/","og_locale":"ar_AR","og_type":"article","og_title":"Raspberry Pi Pico H - roboticaplus","og_url":"https:\/\/roboticaplus.com\/ar\/product\/raspberry-pi-pico-h\/","og_site_name":"roboticaplus","og_image":[{"width":1280,"height":853,"url":"https:\/\/roboticaplus.com\/wp-content\/uploads\/2026\/04\/PICO_H_HERO_1_TRANSPARENT-Large.jpeg","type":"image\/jpeg"}],"twitter_card":"summary_large_image","twitter_misc":{"\u0648\u0642\u062a \u0627\u0644\u0642\u0631\u0627\u0621\u0629 \u0627\u0644\u0645\u064f\u0642\u062f\u0651\u0631":"\u062f\u0642\u064a\u0642\u062a\u0627\u0646"},"schema":{"@context":"https:\/\/schema.org","@graph":[{"@type":"WebPage","@id":"https:\/\/roboticaplus.com\/ar\/product\/raspberry-pi-pico-h\/","url":"https:\/\/roboticaplus.com\/ar\/product\/raspberry-pi-pico-h\/","name":"Raspberry Pi Pico H - roboticaplus","isPartOf":{"@id":"https:\/\/roboticaplus.com\/ar\/#website"},"primaryImageOfPage":{"@id":"https:\/\/roboticaplus.com\/ar\/product\/raspberry-pi-pico-h\/#primaryimage"},"image":{"@id":"https:\/\/roboticaplus.com\/ar\/product\/raspberry-pi-pico-h\/#primaryimage"},"thumbnailUrl":"https:\/\/roboticaplus.com\/wp-content\/uploads\/2026\/04\/PICO_H_HERO_1_TRANSPARENT-Large.jpeg","datePublished":"2026-04-08T17:32:57+00:00","breadcrumb":{"@id":"https:\/\/roboticaplus.com\/ar\/product\/raspberry-pi-pico-h\/#breadcrumb"},"inLanguage":"ar","potentialAction":[{"@type":"ReadAction","target":["https:\/\/roboticaplus.com\/ar\/product\/raspberry-pi-pico-h\/"]}]},{"@type":"ImageObject","inLanguage":"ar","@id":"https:\/\/roboticaplus.com\/ar\/product\/raspberry-pi-pico-h\/#primaryimage","url":"https:\/\/roboticaplus.com\/wp-content\/uploads\/2026\/04\/PICO_H_HERO_1_TRANSPARENT-Large.jpeg","contentUrl":"https:\/\/roboticaplus.com\/wp-content\/uploads\/2026\/04\/PICO_H_HERO_1_TRANSPARENT-Large.jpeg","width":1280,"height":853},{"@type":"BreadcrumbList","@id":"https:\/\/roboticaplus.com\/ar\/product\/raspberry-pi-pico-h\/#breadcrumb","itemListElement":[{"@type":"ListItem","position":1,"name":"Home","item":"https:\/\/roboticaplus.com\/ar\/"},{"@type":"ListItem","position":2,"name":"\u0627\u0644\u0645\u062a\u062c\u0631","item":"https:\/\/roboticaplus.com\/ar\/shop\/"},{"@type":"ListItem","position":3,"name":"Raspberry Pi Pico H"}]},{"@type":"WebSite","@id":"https:\/\/roboticaplus.com\/ar\/#website","url":"https:\/\/roboticaplus.com\/ar\/","name":"roboticaplus","description":"","publisher":{"@id":"https:\/\/roboticaplus.com\/ar\/#\/schema\/person\/d0721e8acf47518632113889f79c1cef"},"potentialAction":[{"@type":"SearchAction","target":{"@type":"EntryPoint","urlTemplate":"https:\/\/roboticaplus.com\/ar\/?s={search_term_string}"},"query-input":{"@type":"PropertyValueSpecification","valueRequired":true,"valueName":"search_term_string"}}],"inLanguage":"ar"},{"@type":["Person","Organization"],"@id":"https:\/\/roboticaplus.com\/ar\/#\/schema\/person\/d0721e8acf47518632113889f79c1cef","name":"israrasem","image":{"@type":"ImageObject","inLanguage":"ar","@id":"https:\/\/roboticaplus.com\/ar\/#\/schema\/person\/image\/","url":"https:\/\/roboticaplus.com\/wp-content\/uploads\/2024\/04\/logo.png","contentUrl":"https:\/\/roboticaplus.com\/wp-content\/uploads\/2024\/04\/logo.png","width":942,"height":233,"caption":"israrasem"},"logo":{"@id":"https:\/\/roboticaplus.com\/ar\/#\/schema\/person\/image\/"},"sameAs":["https:\/\/roboticaplus.com"]}]}},"_links":{"self":[{"href":"https:\/\/roboticaplus.com\/ar\/wp-json\/wp\/v2\/product\/41199","targetHints":{"allow":["GET"]}}],"collection":[{"href":"https:\/\/roboticaplus.com\/ar\/wp-json\/wp\/v2\/product"}],"about":[{"href":"https:\/\/roboticaplus.com\/ar\/wp-json\/wp\/v2\/types\/product"}],"replies":[{"embeddable":true,"href":"https:\/\/roboticaplus.com\/ar\/wp-json\/wp\/v2\/comments?post=41199"}],"version-history":[{"count":1,"href":"https:\/\/roboticaplus.com\/ar\/wp-json\/wp\/v2\/product\/41199\/revisions"}],"predecessor-version":[{"id":41206,"href":"https:\/\/roboticaplus.com\/ar\/wp-json\/wp\/v2\/product\/41199\/revisions\/41206"}],"wp:featuredmedia":[{"embeddable":true,"href":"https:\/\/roboticaplus.com\/ar\/wp-json\/wp\/v2\/media\/41200"}],"wp:attachment":[{"href":"https:\/\/roboticaplus.com\/ar\/wp-json\/wp\/v2\/media?parent=41199"}],"wp:term":[{"taxonomy":"product_brand","embeddable":true,"href":"https:\/\/roboticaplus.com\/ar\/wp-json\/wp\/v2\/product_brand?post=41199"},{"taxonomy":"product_cat","embeddable":true,"href":"https:\/\/roboticaplus.com\/ar\/wp-json\/wp\/v2\/product_cat?post=41199"},{"taxonomy":"product_tag","embeddable":true,"href":"https:\/\/roboticaplus.com\/ar\/wp-json\/wp\/v2\/product_tag?post=41199"}],"curies":[{"name":"wp","href":"https:\/\/api.w.org\/{rel}","templated":true}]}}