{"id":24149,"date":"2024-05-02T02:23:06","date_gmt":"2024-05-02T02:23:06","guid":{"rendered":"https:\/\/roboticaplus.com\/?post_type=product&#038;p=24149"},"modified":"2024-05-16T01:34:01","modified_gmt":"2024-05-16T01:34:01","slug":"raspberry-pi-pico-basic-kit-micropython-programming-learning-kit","status":"publish","type":"product","link":"https:\/\/roboticaplus.com\/ar\/product\/raspberry-pi-pico-basic-kit-micropython-programming-learning-kit\/","title":{"rendered":"Raspberry Pi Pico Basic Kit, MicroPython Programming Learning Kit"},"content":{"rendered":"<p>The Raspberry Pi Pico Basic Kit, MicroPython Programming Learning Kit offers a Dual-core Arm Cortex M0+ processor, and 264KB of SRAM, and 2MB of onboard Flash memory. It incorporates Raspberry Pi\u2019s own RP2040 microcontroller chip, with a dual-core Arm Cortex M0+ processor running up to 133 MHz, embedded 264KB of SRAM, and 2MB of onboard Flash memory, as well as 26x multi-function GPIO pins. For software development, either Raspberry Pi\u2019s C\/C++ SDK or the MicroPython is available. There are also complete development resources and tutorials to help you get started easily, and integrate them into end products quickly.<\/p>\n<div class=\"pdT\">\n<div class=\"richTitle\">Raspberry Pi Pico Basic Kit<\/div>\n<p class=\"hilitBlock2\">Basic entry-level kit prepared for Pico<\/p>\n<p class=\"richDesc\">Tested And Selected By Professional Engineer, With Rich Tutorials And Resources<br \/>\nFast Getting Started With Raspberry Pi Pico And MicroPython Programming<\/p>\n<p><img decoding=\"async\" class=\"entered lazyloaded\" src=\"https:\/\/www.waveshare.com\/img\/devkit\/Raspberry-Pi-Pico-Basic-Kit\/Raspberry-Pi-Pico-Basic-Kit-details-1.jpg\" data-lazy-src=\"https:\/\/www.waveshare.com\/img\/devkit\/Raspberry-Pi-Pico-Basic-Kit\/Raspberry-Pi-Pico-Basic-Kit-details-1.jpg\" data-ll-status=\"loaded\" \/><\/p>\n<\/div>\n<div class=\"pdTRBL\">\n<div class=\"richTitle\">What\u2019s In The Kit<\/div>\n<div class=\"bgWhite round1234\">\n<div class=\"richGridWrap richGridWrap-img4txt6\">\n<p><img decoding=\"async\" class=\"entered lazyloaded\" src=\"https:\/\/www.waveshare.com\/img\/devkit\/Raspberry-Pi-Pico-Kit-B\/Raspberry-Pi-Pico-Kit-B-details-11.jpg\" data-lazy-src=\"https:\/\/www.waveshare.com\/img\/devkit\/Raspberry-Pi-Pico-Kit-B\/Raspberry-Pi-Pico-Kit-B-details-11.jpg\" data-ll-status=\"loaded\" \/><\/p>\n<div>\n<div class=\"richTitle\">Raspberry Pi Pico With Pre-Soldered Header<\/div>\n<p>A Low-Cost, High-Performance Microcontroller Board With Flexible Digital Interfaces<\/p>\n<p>&nbsp;<\/p>\n<\/div>\n<\/div>\n<hr \/>\n<div class=\"alignl subBlock\">\n<ul>\n<li>RP2040 microcontroller chip designed by Raspberry Pi in the United Kingdom<\/li>\n<li>Dual-core Arm Cortex M0+ processor, flexible clock running up to 133 MHz<\/li>\n<li>264KB of SRAM, and 2MB of on-board Flash memory<\/li>\n<li>Castellated module allows soldering direct to carrier boards<\/li>\n<li>USB 1.1 with device and host support<\/li>\n<li>Low-power sleep and dormant modes<\/li>\n<li>Drag-and-drop programming using mass storage over USB<\/li>\n<li>26 \u00d7 multi-function GPIO pins<\/li>\n<li>2 \u00d7 SPI, 2 \u00d7 I2C, 2 \u00d7 UART, 3 x12-bit ADC, 16 \u00d7 controllable PWM channels<\/li>\n<li>Accurate clock and timer on-chip<\/li>\n<li>Temperature sensor<\/li>\n<li>Accelerated floating-point libraries on-chip<\/li>\n<li>8 \u00d7 Programmable I\/O (PIO) state machines for custom peripheral support<\/li>\n<\/ul>\n<\/div>\n<\/div>\n<div class=\"bgWhite round1234\">\n<p><img decoding=\"async\" class=\"entered lazyloaded\" src=\"https:\/\/www.waveshare.com\/img\/devkit\/Raspberry-Pi-Pico-Basic-Kit\/Raspberry-Pi-Pico-Basic-Kit-details-3.jpg\" data-lazy-src=\"https:\/\/www.waveshare.com\/img\/devkit\/Raspberry-Pi-Pico-Basic-Kit\/Raspberry-Pi-Pico-Basic-Kit-details-3.jpg\" data-ll-status=\"loaded\" \/><\/p>\n<table class=\"tabSty-2 subBlock mgnTB alignl\">\n<tbody>\n<tr>\n<th>ITEM<\/th>\n<th>DESCRIPTION<\/th>\n<\/tr>\n<tr>\n<td><a href=\"https:\/\/www.waveshare.com\/LCD1602-RGB-Module.htm\" target=\"_blank\" rel=\"noopener\">LCD1602 RGB Module<\/a><\/td>\n<td>LCD1602 RGB backlight character LCD, using I2C bus to display text or adjust RGB backlight<\/td>\n<\/tr>\n<tr>\n<td>PIR motion sensor<\/td>\n<td>Pyroelectric IR sensor, outputs electric switch signal when IR array from human\/animal body is detected<\/td>\n<\/tr>\n<tr>\n<td class=\"nowrap\">8-Bit WS2812 RGB LED<\/td>\n<td>8x RGB LED, play around with cool light effects by programming<\/td>\n<\/tr>\n<tr>\n<td>Alarm<\/td>\n<td>Quality active announciator, used for alarming or playing music<\/td>\n<\/tr>\n<tr>\n<td>Single-joint potentiometer<\/td>\n<td>Adjustable potentiometer, 0~10K range, used for ADC test, volume\/brightness adjustment, etc.<\/td>\n<\/tr>\n<tr>\n<td>Round buttons<\/td>\n<td>Three colors, for button\/switch detection<\/td>\n<\/tr>\n<tr>\n<td>5mm LED<\/td>\n<td>Three colors, for experiments like traffic light, PWM adjusted light, etc.<\/td>\n<\/tr>\n<tr>\n<td>330R resistors<\/td>\n<td>Providing current-limit protection when connected with LED in series<\/td>\n<\/tr>\n<tr>\n<td>Breadboard and wires<br \/>\nJumper wires<\/td>\n<td>Quality 830 breadboard and sorts of wires, easy for connecting components<\/td>\n<\/tr>\n<tr>\n<td>Plastic box<\/td>\n<td>Customized box for storing the modules and components<\/td>\n<\/tr>\n<\/tbody>\n<\/table>\n<\/div>\n<\/div>\n<div>\n<div class=\"richTitle\">Resources &amp; Services<\/div>\n<p><img decoding=\"async\" class=\"entered lazyloaded\" src=\"https:\/\/www.waveshare.com\/img\/devkit\/LCD\/common\/res_banner.png\" data-lazy-src=\"https:\/\/www.waveshare.com\/img\/devkit\/LCD\/common\/res_banner.png\" data-ll-status=\"loaded\" \/><\/p>\n<div class=\"bgGrey\"><strong>Wiki:\u00a0<\/strong><a href=\"http:\/\/www.waveshare.com\/wiki\/Raspberry_Pi_Pico\" target=\"_blank\" rel=\"noopener\">Raspberry_Pi_Pico<\/a><\/div>\n<p><img decoding=\"async\" class=\"entered lazyloaded\" src=\"https:\/\/www.waveshare.com\/img\/devkit\/Raspberry-Pi-Pico-Basic-Kit\/Raspberry-Pi-Pico-Basic-Kit-details-5.jpg\" data-lazy-src=\"https:\/\/www.waveshare.com\/img\/devkit\/Raspberry-Pi-Pico-Basic-Kit\/Raspberry-Pi-Pico-Basic-Kit-details-5.jpg\" data-ll-status=\"loaded\" \/><\/p>\n<\/div>\n","protected":false},"excerpt":{"rendered":"<p>The Raspberry Pi Pico Basic Kit, MicroPython Programming Learning Kit offers a Dual-core Arm Cortex M0+ processor, and 264KB of SRAM, and 2MB of onboard Flash memory. It incorporates Raspberry Pi\u2019s own RP2040 microcontroller chip, with a dual-core Arm Cortex M0+ processor running up to 133 MHz, embedded 264KB of SRAM, and 2MB of onboard [&hellip;]<\/p>\n","protected":false},"featured_media":24150,"comment_status":"open","ping_status":"closed","template":"","meta":[],"product_brand":[],"product_cat":[441],"product_tag":[],"class_list":{"0":"post-24149","1":"product","2":"type-product","3":"status-publish","4":"has-post-thumbnail","6":"product_cat-raspberrypi1","9":"first","10":"instock","11":"sale","12":"taxable","13":"shipping-taxable","14":"purchasable","15":"product-type-simple"},"yoast_head":"<!-- This site is optimized with the Yoast SEO plugin v25.3.1 - https:\/\/yoast.com\/wordpress\/plugins\/seo\/ -->\n<title>Raspberry Pi Pico Basic Kit, MicroPython Programming Learning Kit - roboticaplus<\/title>\n<meta name=\"robots\" content=\"index, follow, max-snippet:-1, max-image-preview:large, max-video-preview:-1\" \/>\n<link rel=\"canonical\" href=\"https:\/\/roboticaplus.com\/ar\/product\/raspberry-pi-pico-basic-kit-micropython-programming-learning-kit\/\" \/>\n<meta property=\"og:locale\" content=\"ar_AR\" \/>\n<meta property=\"og:type\" content=\"article\" \/>\n<meta property=\"og:title\" content=\"Raspberry Pi Pico Basic Kit, MicroPython Programming Learning Kit - roboticaplus\" \/>\n<meta property=\"og:description\" content=\"The Raspberry Pi Pico Basic Kit, MicroPython Programming Learning Kit offers a Dual-core Arm Cortex M0+ processor, and 264KB of SRAM, and 2MB of onboard Flash memory. It incorporates Raspberry Pi\u2019s own RP2040 microcontroller chip, with a dual-core Arm Cortex M0+ processor running up to 133 MHz, embedded 264KB of SRAM, and 2MB of onboard [&hellip;]\" \/>\n<meta property=\"og:url\" content=\"https:\/\/roboticaplus.com\/ar\/product\/raspberry-pi-pico-basic-kit-micropython-programming-learning-kit\/\" \/>\n<meta property=\"og:site_name\" content=\"roboticaplus\" \/>\n<meta property=\"article:modified_time\" content=\"2024-05-16T01:34:01+00:00\" \/>\n<meta property=\"og:image\" content=\"https:\/\/roboticaplus.com\/wp-content\/uploads\/2024\/05\/1-2-752x600-1.jpg\" \/>\n\t<meta property=\"og:image:width\" content=\"752\" \/>\n\t<meta property=\"og:image:height\" content=\"600\" \/>\n\t<meta property=\"og:image:type\" content=\"image\/jpeg\" \/>\n<meta name=\"twitter:card\" content=\"summary_large_image\" \/>\n<meta name=\"twitter:label1\" content=\"\u0648\u0642\u062a \u0627\u0644\u0642\u0631\u0627\u0621\u0629 \u0627\u0644\u0645\u064f\u0642\u062f\u0651\u0631\" \/>\n\t<meta name=\"twitter:data1\" content=\"3 \u062f\u0642\u0627\u0626\u0642\" \/>\n<script type=\"application\/ld+json\" class=\"yoast-schema-graph\">{\"@context\":\"https:\/\/schema.org\",\"@graph\":[{\"@type\":\"WebPage\",\"@id\":\"https:\/\/roboticaplus.com\/ar\/product\/raspberry-pi-pico-basic-kit-micropython-programming-learning-kit\/\",\"url\":\"https:\/\/roboticaplus.com\/ar\/product\/raspberry-pi-pico-basic-kit-micropython-programming-learning-kit\/\",\"name\":\"Raspberry Pi Pico Basic Kit, MicroPython Programming Learning Kit - roboticaplus\",\"isPartOf\":{\"@id\":\"https:\/\/roboticaplus.com\/ar\/#website\"},\"primaryImageOfPage\":{\"@id\":\"https:\/\/roboticaplus.com\/ar\/product\/raspberry-pi-pico-basic-kit-micropython-programming-learning-kit\/#primaryimage\"},\"image\":{\"@id\":\"https:\/\/roboticaplus.com\/ar\/product\/raspberry-pi-pico-basic-kit-micropython-programming-learning-kit\/#primaryimage\"},\"thumbnailUrl\":\"https:\/\/roboticaplus.com\/wp-content\/uploads\/2024\/05\/1-2-752x600-1.jpg\",\"datePublished\":\"2024-05-02T02:23:06+00:00\",\"dateModified\":\"2024-05-16T01:34:01+00:00\",\"breadcrumb\":{\"@id\":\"https:\/\/roboticaplus.com\/ar\/product\/raspberry-pi-pico-basic-kit-micropython-programming-learning-kit\/#breadcrumb\"},\"inLanguage\":\"ar\",\"potentialAction\":[{\"@type\":\"ReadAction\",\"target\":[\"https:\/\/roboticaplus.com\/ar\/product\/raspberry-pi-pico-basic-kit-micropython-programming-learning-kit\/\"]}]},{\"@type\":\"ImageObject\",\"inLanguage\":\"ar\",\"@id\":\"https:\/\/roboticaplus.com\/ar\/product\/raspberry-pi-pico-basic-kit-micropython-programming-learning-kit\/#primaryimage\",\"url\":\"https:\/\/roboticaplus.com\/wp-content\/uploads\/2024\/05\/1-2-752x600-1.jpg\",\"contentUrl\":\"https:\/\/roboticaplus.com\/wp-content\/uploads\/2024\/05\/1-2-752x600-1.jpg\",\"width\":752,\"height\":600},{\"@type\":\"BreadcrumbList\",\"@id\":\"https:\/\/roboticaplus.com\/ar\/product\/raspberry-pi-pico-basic-kit-micropython-programming-learning-kit\/#breadcrumb\",\"itemListElement\":[{\"@type\":\"ListItem\",\"position\":1,\"name\":\"Home\",\"item\":\"https:\/\/roboticaplus.com\/ar\/\"},{\"@type\":\"ListItem\",\"position\":2,\"name\":\"\u0627\u0644\u0645\u062a\u062c\u0631\",\"item\":\"https:\/\/roboticaplus.com\/ar\/shop\/\"},{\"@type\":\"ListItem\",\"position\":3,\"name\":\"Raspberry Pi Pico Basic Kit, MicroPython Programming Learning Kit\"}]},{\"@type\":\"WebSite\",\"@id\":\"https:\/\/roboticaplus.com\/ar\/#website\",\"url\":\"https:\/\/roboticaplus.com\/ar\/\",\"name\":\"roboticaplus\",\"description\":\"\",\"publisher\":{\"@id\":\"https:\/\/roboticaplus.com\/ar\/#\/schema\/person\/d0721e8acf47518632113889f79c1cef\"},\"potentialAction\":[{\"@type\":\"SearchAction\",\"target\":{\"@type\":\"EntryPoint\",\"urlTemplate\":\"https:\/\/roboticaplus.com\/ar\/?s={search_term_string}\"},\"query-input\":{\"@type\":\"PropertyValueSpecification\",\"valueRequired\":true,\"valueName\":\"search_term_string\"}}],\"inLanguage\":\"ar\"},{\"@type\":[\"Person\",\"Organization\"],\"@id\":\"https:\/\/roboticaplus.com\/ar\/#\/schema\/person\/d0721e8acf47518632113889f79c1cef\",\"name\":\"israrasem\",\"image\":{\"@type\":\"ImageObject\",\"inLanguage\":\"ar\",\"@id\":\"https:\/\/roboticaplus.com\/ar\/#\/schema\/person\/image\/\",\"url\":\"https:\/\/roboticaplus.com\/wp-content\/uploads\/2024\/04\/logo.png\",\"contentUrl\":\"https:\/\/roboticaplus.com\/wp-content\/uploads\/2024\/04\/logo.png\",\"width\":942,\"height\":233,\"caption\":\"israrasem\"},\"logo\":{\"@id\":\"https:\/\/roboticaplus.com\/ar\/#\/schema\/person\/image\/\"},\"sameAs\":[\"https:\/\/roboticaplus.com\"]}]}<\/script>\n<!-- \/ Yoast SEO plugin. -->","yoast_head_json":{"title":"Raspberry Pi Pico Basic Kit, MicroPython Programming Learning Kit - roboticaplus","robots":{"index":"index","follow":"follow","max-snippet":"max-snippet:-1","max-image-preview":"max-image-preview:large","max-video-preview":"max-video-preview:-1"},"canonical":"https:\/\/roboticaplus.com\/ar\/product\/raspberry-pi-pico-basic-kit-micropython-programming-learning-kit\/","og_locale":"ar_AR","og_type":"article","og_title":"Raspberry Pi Pico Basic Kit, MicroPython Programming Learning Kit - roboticaplus","og_description":"The Raspberry Pi Pico Basic Kit, MicroPython Programming Learning Kit offers a Dual-core Arm Cortex M0+ processor, and 264KB of SRAM, and 2MB of onboard Flash memory. It incorporates Raspberry Pi\u2019s own RP2040 microcontroller chip, with a dual-core Arm Cortex M0+ processor running up to 133 MHz, embedded 264KB of SRAM, and 2MB of onboard [&hellip;]","og_url":"https:\/\/roboticaplus.com\/ar\/product\/raspberry-pi-pico-basic-kit-micropython-programming-learning-kit\/","og_site_name":"roboticaplus","article_modified_time":"2024-05-16T01:34:01+00:00","og_image":[{"width":752,"height":600,"url":"https:\/\/roboticaplus.com\/wp-content\/uploads\/2024\/05\/1-2-752x600-1.jpg","type":"image\/jpeg"}],"twitter_card":"summary_large_image","twitter_misc":{"\u0648\u0642\u062a \u0627\u0644\u0642\u0631\u0627\u0621\u0629 \u0627\u0644\u0645\u064f\u0642\u062f\u0651\u0631":"3 \u062f\u0642\u0627\u0626\u0642"},"schema":{"@context":"https:\/\/schema.org","@graph":[{"@type":"WebPage","@id":"https:\/\/roboticaplus.com\/ar\/product\/raspberry-pi-pico-basic-kit-micropython-programming-learning-kit\/","url":"https:\/\/roboticaplus.com\/ar\/product\/raspberry-pi-pico-basic-kit-micropython-programming-learning-kit\/","name":"Raspberry Pi Pico Basic Kit, MicroPython Programming Learning Kit - roboticaplus","isPartOf":{"@id":"https:\/\/roboticaplus.com\/ar\/#website"},"primaryImageOfPage":{"@id":"https:\/\/roboticaplus.com\/ar\/product\/raspberry-pi-pico-basic-kit-micropython-programming-learning-kit\/#primaryimage"},"image":{"@id":"https:\/\/roboticaplus.com\/ar\/product\/raspberry-pi-pico-basic-kit-micropython-programming-learning-kit\/#primaryimage"},"thumbnailUrl":"https:\/\/roboticaplus.com\/wp-content\/uploads\/2024\/05\/1-2-752x600-1.jpg","datePublished":"2024-05-02T02:23:06+00:00","dateModified":"2024-05-16T01:34:01+00:00","breadcrumb":{"@id":"https:\/\/roboticaplus.com\/ar\/product\/raspberry-pi-pico-basic-kit-micropython-programming-learning-kit\/#breadcrumb"},"inLanguage":"ar","potentialAction":[{"@type":"ReadAction","target":["https:\/\/roboticaplus.com\/ar\/product\/raspberry-pi-pico-basic-kit-micropython-programming-learning-kit\/"]}]},{"@type":"ImageObject","inLanguage":"ar","@id":"https:\/\/roboticaplus.com\/ar\/product\/raspberry-pi-pico-basic-kit-micropython-programming-learning-kit\/#primaryimage","url":"https:\/\/roboticaplus.com\/wp-content\/uploads\/2024\/05\/1-2-752x600-1.jpg","contentUrl":"https:\/\/roboticaplus.com\/wp-content\/uploads\/2024\/05\/1-2-752x600-1.jpg","width":752,"height":600},{"@type":"BreadcrumbList","@id":"https:\/\/roboticaplus.com\/ar\/product\/raspberry-pi-pico-basic-kit-micropython-programming-learning-kit\/#breadcrumb","itemListElement":[{"@type":"ListItem","position":1,"name":"Home","item":"https:\/\/roboticaplus.com\/ar\/"},{"@type":"ListItem","position":2,"name":"\u0627\u0644\u0645\u062a\u062c\u0631","item":"https:\/\/roboticaplus.com\/ar\/shop\/"},{"@type":"ListItem","position":3,"name":"Raspberry Pi Pico Basic Kit, MicroPython Programming Learning Kit"}]},{"@type":"WebSite","@id":"https:\/\/roboticaplus.com\/ar\/#website","url":"https:\/\/roboticaplus.com\/ar\/","name":"roboticaplus","description":"","publisher":{"@id":"https:\/\/roboticaplus.com\/ar\/#\/schema\/person\/d0721e8acf47518632113889f79c1cef"},"potentialAction":[{"@type":"SearchAction","target":{"@type":"EntryPoint","urlTemplate":"https:\/\/roboticaplus.com\/ar\/?s={search_term_string}"},"query-input":{"@type":"PropertyValueSpecification","valueRequired":true,"valueName":"search_term_string"}}],"inLanguage":"ar"},{"@type":["Person","Organization"],"@id":"https:\/\/roboticaplus.com\/ar\/#\/schema\/person\/d0721e8acf47518632113889f79c1cef","name":"israrasem","image":{"@type":"ImageObject","inLanguage":"ar","@id":"https:\/\/roboticaplus.com\/ar\/#\/schema\/person\/image\/","url":"https:\/\/roboticaplus.com\/wp-content\/uploads\/2024\/04\/logo.png","contentUrl":"https:\/\/roboticaplus.com\/wp-content\/uploads\/2024\/04\/logo.png","width":942,"height":233,"caption":"israrasem"},"logo":{"@id":"https:\/\/roboticaplus.com\/ar\/#\/schema\/person\/image\/"},"sameAs":["https:\/\/roboticaplus.com"]}]}},"_links":{"self":[{"href":"https:\/\/roboticaplus.com\/ar\/wp-json\/wp\/v2\/product\/24149","targetHints":{"allow":["GET"]}}],"collection":[{"href":"https:\/\/roboticaplus.com\/ar\/wp-json\/wp\/v2\/product"}],"about":[{"href":"https:\/\/roboticaplus.com\/ar\/wp-json\/wp\/v2\/types\/product"}],"replies":[{"embeddable":true,"href":"https:\/\/roboticaplus.com\/ar\/wp-json\/wp\/v2\/comments?post=24149"}],"version-history":[{"count":1,"href":"https:\/\/roboticaplus.com\/ar\/wp-json\/wp\/v2\/product\/24149\/revisions"}],"predecessor-version":[{"id":24154,"href":"https:\/\/roboticaplus.com\/ar\/wp-json\/wp\/v2\/product\/24149\/revisions\/24154"}],"wp:featuredmedia":[{"embeddable":true,"href":"https:\/\/roboticaplus.com\/ar\/wp-json\/wp\/v2\/media\/24150"}],"wp:attachment":[{"href":"https:\/\/roboticaplus.com\/ar\/wp-json\/wp\/v2\/media?parent=24149"}],"wp:term":[{"taxonomy":"product_brand","embeddable":true,"href":"https:\/\/roboticaplus.com\/ar\/wp-json\/wp\/v2\/product_brand?post=24149"},{"taxonomy":"product_cat","embeddable":true,"href":"https:\/\/roboticaplus.com\/ar\/wp-json\/wp\/v2\/product_cat?post=24149"},{"taxonomy":"product_tag","embeddable":true,"href":"https:\/\/roboticaplus.com\/ar\/wp-json\/wp\/v2\/product_tag?post=24149"}],"curies":[{"name":"wp","href":"https:\/\/api.w.org\/{rel}","templated":true}]}}