{"id":23562,"date":"2024-04-29T23:25:55","date_gmt":"2024-04-29T23:25:55","guid":{"rendered":"https:\/\/roboticaplus.com\/?post_type=product&#038;p=23562"},"modified":"2024-06-15T23:07:48","modified_gmt":"2024-06-15T23:07:48","slug":"professional-digital-microscope-4k-wifi-x300-60-fps-with-built-in-screen-adjustable-led-lighting-and-16mp-c-mount-camera","status":"publish","type":"product","link":"https:\/\/roboticaplus.com\/ar\/product\/professional-digital-microscope-4k-wifi-x300-60-fps-with-built-in-screen-adjustable-led-lighting-and-16mp-c-mount-camera\/","title":{"rendered":"Professional digital microscope 4K WIFI X300 60 FPS with built-in screen adjustable LED lighting and 16MP C-Mount camera"},"content":{"rendered":"<div class=\"woocommerce-product-details__short-description\">\n<blockquote>\n<div class=\"video_popup product-video-button\"><\/div>\n<\/blockquote>\n<p>On the product:<a href=\"https:\/\/www.youtube.com\/watch?v=xcJ7bCuF8o8\">https:\/\/www.youtube.com\/watch?v=xcJ7bCuF8o8<\/a><br \/>\nWatch a video about the product<br \/>\nA professional digital microscope with a built-in 5-inch screen and X300 optical magnification with a 16MP sensor that produces images in 4K quality and the ability to transmit back via WIFI<\/p>\n<p>The microscope can be used for a variety of professional purposes such as examination of electronic boards and circuits, examination of textile fibers, examination of leaves and plants, insects, print quality and more<br \/>\nComes with an adjustable stand and two flexible lighting units and a remote control.<br \/>\nThe microscope comes with a built-in 5-inch Full HD quality screen on which you can see in real time and save selected sections on digital memory (4K quality can be reached by connecting an external screen)<\/p>\n<p>When connected to a computer, the microscope also allows measurements to be made using the accompanying software that comes with the device and is designed for accurate measurements<\/p>\n<p>Features of the microscope:<\/p>\n<p>Camera sensor size 16MP<br \/>\nWIFI connection up to 15 meters<\/p>\n<p>Built-in 5-inch screen<br \/>\nremote control<br \/>\nMeasuring cross (adjustable)<br \/>\nMaximum resolution of 4K (when connected to an external screen)<br \/>\nHDMI connection<br \/>\nRefresh rate 60 frames per second<br \/>\nConnecting to a computer via USB<br \/>\nMeasurement software for PC<br \/>\nSony CMOS HD 1\/2.3 16MP sensor<br \/>\nVideo resolutions: 4K\/2160P\/1080P Full HD via H&#8217;DMI; 1080P via USB<br \/>\nMP4 video format<br \/>\nMagnification: X300<br \/>\nImage resolutions: 16M 4608\u00d73456, 14M 4320\u00d73240, 12M 4032\u00d73024, Min 640\u00d7480<br \/>\nImage format: JPEG<br \/>\nFocus range (focus): 5-15 cm<br \/>\nSupported refresh rate: 4K 24@fps; 2160P 25@fps; 1080P 60@fps; 720P 120@fps; Max 240f\/s VGA<br \/>\nVideo output: HDMI\/USB<br \/>\nBuilt-in microphone<br \/>\nAccess to a micro SD memory card up to 64GB<br \/>\nOption to operate by connecting the microscope to a portable battery for phones &#8211; PowerBank<br \/>\nStand dimensions: 17*11*20 cm<br \/>\nWeight: 1.7 kg<\/p>\n<p>Measurement options &#8211; measurement software for the attached stretcher &#8211; S-EYE for imaging and dynamic image processing with the following features:<\/p>\n<p>Support for a variety of cameras<br \/>\nUsing GPU processing for high resolution preview and high refresh rate<br \/>\nDynamic image metering support<br \/>\nTo download calibration software click here\u00a0\u00a0<a href=\"https:\/\/www.dropbox.com\/s\/xy6j4f3uulwdboh\/ImageView_Setup.exe?dl=0\">https:\/\/www.dropbox.com\/s\/xy6j4f3uulwdboh\/ImageView_Setup.exe?dl=0<\/a><\/p>\n<p>*Also suitable for use with optical microscopes &#8211; has a compatible connection for a microscope viewing eyepiece. You can simply attach the screen to the microscope<\/p>\n<p>Included in the kit:<\/p>\n<p>microscope<br \/>\nDesk Stand<br \/>\nPower Supply<br \/>\nUSB cable<br \/>\nHDMI cable<br \/>\nRemote Control<br \/>\nmanual<\/p>\n<\/div>\n","protected":false},"excerpt":{"rendered":"<p>On the product:https:\/\/www.youtube.com\/watch?v=xcJ7bCuF8o8 Watch a video about the product A professional digital microscope with a built-in 5-inch screen and X300 optical magnification with a 16MP sensor that produces images in 4K quality and the ability to transmit back via WIFI The microscope can be used for a variety of professional purposes such as examination of [&hellip;]<\/p>\n","protected":false},"featured_media":23567,"comment_status":"open","ping_status":"closed","template":"","meta":[],"product_brand":[],"product_cat":[15,445],"product_tag":[],"class_list":{"0":"post-23562","1":"product","2":"type-product","3":"status-publish","4":"has-post-thumbnail","6":"product_cat-more","7":"product_cat-science-and-technology-equipment","10":"first","11":"instock","12":"sale","13":"taxable","14":"shipping-taxable","15":"purchasable","16":"product-type-simple"},"yoast_head":"<!-- This site is optimized with the Yoast SEO plugin v25.3.1 - https:\/\/yoast.com\/wordpress\/plugins\/seo\/ -->\n<title>Professional digital microscope 4K WIFI X300 60 FPS with built-in screen adjustable LED lighting and 16MP C-Mount camera - roboticaplus<\/title>\n<meta name=\"robots\" content=\"index, follow, max-snippet:-1, max-image-preview:large, max-video-preview:-1\" \/>\n<link rel=\"canonical\" href=\"https:\/\/roboticaplus.com\/ar\/product\/professional-digital-microscope-4k-wifi-x300-60-fps-with-built-in-screen-adjustable-led-lighting-and-16mp-c-mount-camera\/\" \/>\n<meta property=\"og:locale\" content=\"ar_AR\" \/>\n<meta property=\"og:type\" content=\"article\" \/>\n<meta property=\"og:title\" content=\"Professional digital microscope 4K WIFI X300 60 FPS with built-in screen adjustable LED lighting and 16MP C-Mount camera - roboticaplus\" \/>\n<meta property=\"og:description\" content=\"On the product:https:\/\/www.youtube.com\/watch?v=xcJ7bCuF8o8 Watch a video about the product A professional digital microscope with a built-in 5-inch screen and X300 optical magnification with a 16MP sensor that produces images in 4K quality and the ability to transmit back via WIFI The microscope can be used for a variety of professional purposes such as examination of [&hellip;]\" \/>\n<meta property=\"og:url\" content=\"https:\/\/roboticaplus.com\/ar\/product\/professional-digital-microscope-4k-wifi-x300-60-fps-with-built-in-screen-adjustable-led-lighting-and-16mp-c-mount-camera\/\" \/>\n<meta property=\"og:site_name\" content=\"roboticaplus\" \/>\n<meta property=\"article:modified_time\" content=\"2024-06-15T23:07:48+00:00\" \/>\n<meta property=\"og:image\" content=\"https:\/\/roboticaplus.com\/wp-content\/uploads\/2024\/04\/MIC-768x768-1.webp\" \/>\n\t<meta property=\"og:image:width\" content=\"768\" \/>\n\t<meta property=\"og:image:height\" content=\"768\" \/>\n\t<meta property=\"og:image:type\" content=\"image\/webp\" \/>\n<meta name=\"twitter:card\" content=\"summary_large_image\" \/>\n<meta name=\"twitter:label1\" content=\"\u0648\u0642\u062a \u0627\u0644\u0642\u0631\u0627\u0621\u0629 \u0627\u0644\u0645\u064f\u0642\u062f\u0651\u0631\" \/>\n\t<meta name=\"twitter:data1\" content=\"\u062f\u0642\u064a\u0642\u062a\u0627\u0646\" \/>\n<script type=\"application\/ld+json\" class=\"yoast-schema-graph\">{\"@context\":\"https:\/\/schema.org\",\"@graph\":[{\"@type\":\"WebPage\",\"@id\":\"https:\/\/roboticaplus.com\/ar\/product\/professional-digital-microscope-4k-wifi-x300-60-fps-with-built-in-screen-adjustable-led-lighting-and-16mp-c-mount-camera\/\",\"url\":\"https:\/\/roboticaplus.com\/ar\/product\/professional-digital-microscope-4k-wifi-x300-60-fps-with-built-in-screen-adjustable-led-lighting-and-16mp-c-mount-camera\/\",\"name\":\"Professional digital microscope 4K WIFI X300 60 FPS with built-in screen adjustable LED lighting and 16MP C-Mount camera - roboticaplus\",\"isPartOf\":{\"@id\":\"https:\/\/roboticaplus.com\/ar\/#website\"},\"primaryImageOfPage\":{\"@id\":\"https:\/\/roboticaplus.com\/ar\/product\/professional-digital-microscope-4k-wifi-x300-60-fps-with-built-in-screen-adjustable-led-lighting-and-16mp-c-mount-camera\/#primaryimage\"},\"image\":{\"@id\":\"https:\/\/roboticaplus.com\/ar\/product\/professional-digital-microscope-4k-wifi-x300-60-fps-with-built-in-screen-adjustable-led-lighting-and-16mp-c-mount-camera\/#primaryimage\"},\"thumbnailUrl\":\"https:\/\/roboticaplus.com\/wp-content\/uploads\/2024\/04\/MIC-768x768-1.webp\",\"datePublished\":\"2024-04-29T23:25:55+00:00\",\"dateModified\":\"2024-06-15T23:07:48+00:00\",\"breadcrumb\":{\"@id\":\"https:\/\/roboticaplus.com\/ar\/product\/professional-digital-microscope-4k-wifi-x300-60-fps-with-built-in-screen-adjustable-led-lighting-and-16mp-c-mount-camera\/#breadcrumb\"},\"inLanguage\":\"ar\",\"potentialAction\":[{\"@type\":\"ReadAction\",\"target\":[\"https:\/\/roboticaplus.com\/ar\/product\/professional-digital-microscope-4k-wifi-x300-60-fps-with-built-in-screen-adjustable-led-lighting-and-16mp-c-mount-camera\/\"]}]},{\"@type\":\"ImageObject\",\"inLanguage\":\"ar\",\"@id\":\"https:\/\/roboticaplus.com\/ar\/product\/professional-digital-microscope-4k-wifi-x300-60-fps-with-built-in-screen-adjustable-led-lighting-and-16mp-c-mount-camera\/#primaryimage\",\"url\":\"https:\/\/roboticaplus.com\/wp-content\/uploads\/2024\/04\/MIC-768x768-1.webp\",\"contentUrl\":\"https:\/\/roboticaplus.com\/wp-content\/uploads\/2024\/04\/MIC-768x768-1.webp\",\"width\":768,\"height\":768},{\"@type\":\"BreadcrumbList\",\"@id\":\"https:\/\/roboticaplus.com\/ar\/product\/professional-digital-microscope-4k-wifi-x300-60-fps-with-built-in-screen-adjustable-led-lighting-and-16mp-c-mount-camera\/#breadcrumb\",\"itemListElement\":[{\"@type\":\"ListItem\",\"position\":1,\"name\":\"Home\",\"item\":\"https:\/\/roboticaplus.com\/ar\/\"},{\"@type\":\"ListItem\",\"position\":2,\"name\":\"\u0627\u0644\u0645\u062a\u062c\u0631\",\"item\":\"https:\/\/roboticaplus.com\/ar\/shop\/\"},{\"@type\":\"ListItem\",\"position\":3,\"name\":\"Professional digital microscope 4K WIFI X300 60 FPS with built-in screen adjustable LED lighting and 16MP C-Mount camera\"}]},{\"@type\":\"WebSite\",\"@id\":\"https:\/\/roboticaplus.com\/ar\/#website\",\"url\":\"https:\/\/roboticaplus.com\/ar\/\",\"name\":\"roboticaplus\",\"description\":\"\",\"publisher\":{\"@id\":\"https:\/\/roboticaplus.com\/ar\/#\/schema\/person\/d0721e8acf47518632113889f79c1cef\"},\"potentialAction\":[{\"@type\":\"SearchAction\",\"target\":{\"@type\":\"EntryPoint\",\"urlTemplate\":\"https:\/\/roboticaplus.com\/ar\/?s={search_term_string}\"},\"query-input\":{\"@type\":\"PropertyValueSpecification\",\"valueRequired\":true,\"valueName\":\"search_term_string\"}}],\"inLanguage\":\"ar\"},{\"@type\":[\"Person\",\"Organization\"],\"@id\":\"https:\/\/roboticaplus.com\/ar\/#\/schema\/person\/d0721e8acf47518632113889f79c1cef\",\"name\":\"israrasem\",\"image\":{\"@type\":\"ImageObject\",\"inLanguage\":\"ar\",\"@id\":\"https:\/\/roboticaplus.com\/ar\/#\/schema\/person\/image\/\",\"url\":\"https:\/\/roboticaplus.com\/wp-content\/uploads\/2024\/04\/logo.png\",\"contentUrl\":\"https:\/\/roboticaplus.com\/wp-content\/uploads\/2024\/04\/logo.png\",\"width\":942,\"height\":233,\"caption\":\"israrasem\"},\"logo\":{\"@id\":\"https:\/\/roboticaplus.com\/ar\/#\/schema\/person\/image\/\"},\"sameAs\":[\"https:\/\/roboticaplus.com\"]}]}<\/script>\n<!-- \/ Yoast SEO plugin. -->","yoast_head_json":{"title":"Professional digital microscope 4K WIFI X300 60 FPS with built-in screen adjustable LED lighting and 16MP C-Mount camera - roboticaplus","robots":{"index":"index","follow":"follow","max-snippet":"max-snippet:-1","max-image-preview":"max-image-preview:large","max-video-preview":"max-video-preview:-1"},"canonical":"https:\/\/roboticaplus.com\/ar\/product\/professional-digital-microscope-4k-wifi-x300-60-fps-with-built-in-screen-adjustable-led-lighting-and-16mp-c-mount-camera\/","og_locale":"ar_AR","og_type":"article","og_title":"Professional digital microscope 4K WIFI X300 60 FPS with built-in screen adjustable LED lighting and 16MP C-Mount camera - roboticaplus","og_description":"On the product:https:\/\/www.youtube.com\/watch?v=xcJ7bCuF8o8 Watch a video about the product A professional digital microscope with a built-in 5-inch screen and X300 optical magnification with a 16MP sensor that produces images in 4K quality and the ability to transmit back via WIFI The microscope can be used for a variety of professional purposes such as examination of [&hellip;]","og_url":"https:\/\/roboticaplus.com\/ar\/product\/professional-digital-microscope-4k-wifi-x300-60-fps-with-built-in-screen-adjustable-led-lighting-and-16mp-c-mount-camera\/","og_site_name":"roboticaplus","article_modified_time":"2024-06-15T23:07:48+00:00","og_image":[{"width":768,"height":768,"url":"https:\/\/roboticaplus.com\/wp-content\/uploads\/2024\/04\/MIC-768x768-1.webp","type":"image\/webp"}],"twitter_card":"summary_large_image","twitter_misc":{"\u0648\u0642\u062a \u0627\u0644\u0642\u0631\u0627\u0621\u0629 \u0627\u0644\u0645\u064f\u0642\u062f\u0651\u0631":"\u062f\u0642\u064a\u0642\u062a\u0627\u0646"},"schema":{"@context":"https:\/\/schema.org","@graph":[{"@type":"WebPage","@id":"https:\/\/roboticaplus.com\/ar\/product\/professional-digital-microscope-4k-wifi-x300-60-fps-with-built-in-screen-adjustable-led-lighting-and-16mp-c-mount-camera\/","url":"https:\/\/roboticaplus.com\/ar\/product\/professional-digital-microscope-4k-wifi-x300-60-fps-with-built-in-screen-adjustable-led-lighting-and-16mp-c-mount-camera\/","name":"Professional digital microscope 4K WIFI X300 60 FPS with built-in screen adjustable LED lighting and 16MP C-Mount camera - roboticaplus","isPartOf":{"@id":"https:\/\/roboticaplus.com\/ar\/#website"},"primaryImageOfPage":{"@id":"https:\/\/roboticaplus.com\/ar\/product\/professional-digital-microscope-4k-wifi-x300-60-fps-with-built-in-screen-adjustable-led-lighting-and-16mp-c-mount-camera\/#primaryimage"},"image":{"@id":"https:\/\/roboticaplus.com\/ar\/product\/professional-digital-microscope-4k-wifi-x300-60-fps-with-built-in-screen-adjustable-led-lighting-and-16mp-c-mount-camera\/#primaryimage"},"thumbnailUrl":"https:\/\/roboticaplus.com\/wp-content\/uploads\/2024\/04\/MIC-768x768-1.webp","datePublished":"2024-04-29T23:25:55+00:00","dateModified":"2024-06-15T23:07:48+00:00","breadcrumb":{"@id":"https:\/\/roboticaplus.com\/ar\/product\/professional-digital-microscope-4k-wifi-x300-60-fps-with-built-in-screen-adjustable-led-lighting-and-16mp-c-mount-camera\/#breadcrumb"},"inLanguage":"ar","potentialAction":[{"@type":"ReadAction","target":["https:\/\/roboticaplus.com\/ar\/product\/professional-digital-microscope-4k-wifi-x300-60-fps-with-built-in-screen-adjustable-led-lighting-and-16mp-c-mount-camera\/"]}]},{"@type":"ImageObject","inLanguage":"ar","@id":"https:\/\/roboticaplus.com\/ar\/product\/professional-digital-microscope-4k-wifi-x300-60-fps-with-built-in-screen-adjustable-led-lighting-and-16mp-c-mount-camera\/#primaryimage","url":"https:\/\/roboticaplus.com\/wp-content\/uploads\/2024\/04\/MIC-768x768-1.webp","contentUrl":"https:\/\/roboticaplus.com\/wp-content\/uploads\/2024\/04\/MIC-768x768-1.webp","width":768,"height":768},{"@type":"BreadcrumbList","@id":"https:\/\/roboticaplus.com\/ar\/product\/professional-digital-microscope-4k-wifi-x300-60-fps-with-built-in-screen-adjustable-led-lighting-and-16mp-c-mount-camera\/#breadcrumb","itemListElement":[{"@type":"ListItem","position":1,"name":"Home","item":"https:\/\/roboticaplus.com\/ar\/"},{"@type":"ListItem","position":2,"name":"\u0627\u0644\u0645\u062a\u062c\u0631","item":"https:\/\/roboticaplus.com\/ar\/shop\/"},{"@type":"ListItem","position":3,"name":"Professional digital microscope 4K WIFI X300 60 FPS with built-in screen adjustable LED lighting and 16MP C-Mount camera"}]},{"@type":"WebSite","@id":"https:\/\/roboticaplus.com\/ar\/#website","url":"https:\/\/roboticaplus.com\/ar\/","name":"roboticaplus","description":"","publisher":{"@id":"https:\/\/roboticaplus.com\/ar\/#\/schema\/person\/d0721e8acf47518632113889f79c1cef"},"potentialAction":[{"@type":"SearchAction","target":{"@type":"EntryPoint","urlTemplate":"https:\/\/roboticaplus.com\/ar\/?s={search_term_string}"},"query-input":{"@type":"PropertyValueSpecification","valueRequired":true,"valueName":"search_term_string"}}],"inLanguage":"ar"},{"@type":["Person","Organization"],"@id":"https:\/\/roboticaplus.com\/ar\/#\/schema\/person\/d0721e8acf47518632113889f79c1cef","name":"israrasem","image":{"@type":"ImageObject","inLanguage":"ar","@id":"https:\/\/roboticaplus.com\/ar\/#\/schema\/person\/image\/","url":"https:\/\/roboticaplus.com\/wp-content\/uploads\/2024\/04\/logo.png","contentUrl":"https:\/\/roboticaplus.com\/wp-content\/uploads\/2024\/04\/logo.png","width":942,"height":233,"caption":"israrasem"},"logo":{"@id":"https:\/\/roboticaplus.com\/ar\/#\/schema\/person\/image\/"},"sameAs":["https:\/\/roboticaplus.com"]}]}},"_links":{"self":[{"href":"https:\/\/roboticaplus.com\/ar\/wp-json\/wp\/v2\/product\/23562","targetHints":{"allow":["GET"]}}],"collection":[{"href":"https:\/\/roboticaplus.com\/ar\/wp-json\/wp\/v2\/product"}],"about":[{"href":"https:\/\/roboticaplus.com\/ar\/wp-json\/wp\/v2\/types\/product"}],"replies":[{"embeddable":true,"href":"https:\/\/roboticaplus.com\/ar\/wp-json\/wp\/v2\/comments?post=23562"}],"version-history":[{"count":3,"href":"https:\/\/roboticaplus.com\/ar\/wp-json\/wp\/v2\/product\/23562\/revisions"}],"predecessor-version":[{"id":27162,"href":"https:\/\/roboticaplus.com\/ar\/wp-json\/wp\/v2\/product\/23562\/revisions\/27162"}],"wp:featuredmedia":[{"embeddable":true,"href":"https:\/\/roboticaplus.com\/ar\/wp-json\/wp\/v2\/media\/23567"}],"wp:attachment":[{"href":"https:\/\/roboticaplus.com\/ar\/wp-json\/wp\/v2\/media?parent=23562"}],"wp:term":[{"taxonomy":"product_brand","embeddable":true,"href":"https:\/\/roboticaplus.com\/ar\/wp-json\/wp\/v2\/product_brand?post=23562"},{"taxonomy":"product_cat","embeddable":true,"href":"https:\/\/roboticaplus.com\/ar\/wp-json\/wp\/v2\/product_cat?post=23562"},{"taxonomy":"product_tag","embeddable":true,"href":"https:\/\/roboticaplus.com\/ar\/wp-json\/wp\/v2\/product_tag?post=23562"}],"curies":[{"name":"wp","href":"https:\/\/api.w.org\/{rel}","templated":true}]}}