{"id":22223,"date":"2024-04-27T08:38:38","date_gmt":"2024-04-27T08:38:38","guid":{"rendered":"https:\/\/roboticaplus.com\/?post_type=product&#038;p=22223"},"modified":"2024-06-03T22:48:41","modified_gmt":"2024-06-03T22:48:41","slug":"thinking-and-reasoning-games-5","status":"publish","type":"product","link":"https:\/\/roboticaplus.com\/ar\/product\/thinking-and-reasoning-games-5\/","title":{"rendered":"Thinking and reasoning games &#8211; ZIG &amp; GO &#8211; 25 PCS SET BY DJECO"},"content":{"rendered":"<h3 class=\"h2 product-single__title\">Zig &amp; Go Dring Wooden Building Game &#8211; 25 Piece Set<\/h3>\n<p>Zig n Go chain reaction 48-piece wooden construction game from Djeco\u00a0\u00a0<a href=\"https:\/\/www.youtube.com\/watch?v=XnZxcWT7K_U\">https:\/\/www.youtube.com\/watch?v=XnZxcWT7K_U<\/a><\/p>\n<p>A unique wooden assembly and construction game that combines a chain reaction and teaches an &#8220;action-reaction&#8221; mechanism<br \/>\nWhile using the various accessories, you can perform complex chain operations and learn about how the movement transitions, and you can also teach to illustrate well how energy is conserved during the transition of the chain reaction<\/p>\n<p>The game enables the development of spatial vision and thinking and forward planning of the order of actions that work in synergy to create the routes.<\/p>\n<p>You can combine the various Zig &amp; Go sets and make longer routes and reactions.<\/p>\n<p>The game includes 48 different parts<br \/>\nSuitable for children aged 8 and over<\/p>\n<p><img fetchpriority=\"high\" decoding=\"async\" class=\"\" src=\"https:\/\/www.alltech.co.il\/wp-content\/uploads\/2020\/09\/29569-2-600x595.jpg\" width=\"289\" height=\"286\" \/><\/p>\n<p>DJECO is a French company that specializes in creative games and developmental games for little ones and is known for unique games and original designs using only quality materials.<br \/>\nThe company has about 100 different designers working on the creation and development of new games, which will capture the attention of children and give them a developing and enjoyable experience.<\/p>\n<h3>Product Description<\/h3>\n<p>Be mesmerised by this 25 piece chain reaction construction set.<br \/>\nA great introduction toy to learn STEM concepts such as gravity, force and momentum, and how they can create a chain reaction.<br \/>\nThis 25 piece set with wooden dominoes, ball and components will inspire creativity and build skills like perseverance, STEM problem solving and critical thinking.<br \/>\nCombine sets from the full range and see how big of a circuit you can create.<br \/>\nInstruction booklet included.<img decoding=\"async\" class=\"\" src=\"https:\/\/www.bellalunatoys.com\/cdn\/shop\/files\/djeco-zig-zag-music-action-reaction-bella-luna-toys_3.jpg?v=1689784741&amp;width=1080\" alt=\"Djeco Zig Zag- Wooden Toys- Bella Luna Toys\" width=\"183\" height=\"183\" \/><img decoding=\"async\" class=\"\" src=\"https:\/\/www.bellalunatoys.com\/cdn\/shop\/files\/djeco-zig-zag-music-action-reaction-bella-luna-toys_2.jpg?v=1689784741&amp;width=1080\" alt=\"Djeco Zig Zag- Wooden Toys- Bella Luna Toys\" width=\"207\" height=\"207\" \/><br \/>\nDesigned by Jean-R\u00e9n\u00e9 M\u00e9nard &amp; Gr\u00e9gory Bricout<\/p>\n<p><a href=\"https:\/\/youtu.be\/LTKtZS1k480\">https:\/\/youtu.be\/LTKtZS1k480<\/a><\/p>\n<h3 class=\"h3\">About Djeco<\/h3>\n<p>For almost 70 years,\u00a0<strong>DJECO<\/strong>\u00a0has created award winning, high-quality, non-toxic children\u2019s products that promote artistic discovery and freedom of imagination through play. All DJECO products are designed in Paris, France by internationally recognized artists making the products stand out for being as beautiful as they are engaging. Created with meticulous detail, play value and style, DJECO products seek to revolutionize children\u2019s playtime.<\/p>\n<p><img loading=\"lazy\" decoding=\"async\" class=\"\" src=\"https:\/\/www.bellalunatoys.com\/cdn\/shop\/files\/djeco-zig-zag-music-action-reaction-bella-luna-toys_6.jpg?v=1689784741&amp;width=1080\" alt=\"Djeco Zig Zag- Wooden Toys- Bella Luna Toys\" width=\"270\" height=\"270\" \/><img loading=\"lazy\" decoding=\"async\" class=\"\" src=\"https:\/\/www.bellalunatoys.com\/cdn\/shop\/files\/djeco-zig-zag-music-action-reaction-bella-luna-toys_5.jpg?v=1689784741&amp;width=1080\" alt=\"Djeco Zig Zag- Wooden Toys- Bella Luna Toys\" width=\"264\" height=\"264\" \/><img loading=\"lazy\" decoding=\"async\" class=\"\" src=\"https:\/\/www.bellalunatoys.com\/cdn\/shop\/files\/djeco-zig-zag-music-action-reaction-bella-luna-toys_4.jpg?v=1689784741&amp;width=1080\" alt=\"Djeco Zig Zag- Wooden Toys- Bella Luna Toys\" width=\"254\" height=\"254\" \/><\/p>\n","protected":false},"excerpt":{"rendered":"<p>Wooden construction and imagination game for children to create chain reactions with 48 parts &#8211; 48 Zig n Go from Djeco France<img decoding=\"async\" src=\"https:\/\/www.alltech.co.il\/wp-content\/uploads\/2022\/02\/DJECO-30x30.png\" \/><\/p>\n","protected":false},"featured_media":26411,"comment_status":"open","ping_status":"closed","template":"","meta":[],"product_brand":[],"product_cat":[15,444],"product_tag":[],"class_list":{"0":"post-22223","1":"product","2":"type-product","3":"status-publish","4":"has-post-thumbnail","6":"product_cat-more","7":"product_cat-kindergartenequipment1","10":"first","11":"instock","12":"sale","13":"taxable","14":"shipping-taxable","15":"purchasable","16":"product-type-simple"},"yoast_head":"<!-- This site is optimized with the Yoast SEO plugin v25.3.1 - https:\/\/yoast.com\/wordpress\/plugins\/seo\/ -->\n<title>Thinking and reasoning games - ZIG &amp; GO - 25 PCS SET BY DJECO - roboticaplus<\/title>\n<meta name=\"robots\" content=\"index, follow, max-snippet:-1, max-image-preview:large, max-video-preview:-1\" \/>\n<link rel=\"canonical\" href=\"https:\/\/roboticaplus.com\/ar\/product\/thinking-and-reasoning-games-5\/\" \/>\n<meta property=\"og:locale\" content=\"ar_AR\" \/>\n<meta property=\"og:type\" content=\"article\" \/>\n<meta property=\"og:title\" content=\"Thinking and reasoning games - ZIG &amp; GO - 25 PCS SET BY DJECO - roboticaplus\" \/>\n<meta property=\"og:description\" content=\"Wooden construction and imagination game for children to create chain reactions with 48 parts - 48 Zig n Go from Djeco France\" \/>\n<meta property=\"og:url\" content=\"https:\/\/roboticaplus.com\/ar\/product\/thinking-and-reasoning-games-5\/\" \/>\n<meta property=\"og:site_name\" content=\"roboticaplus\" \/>\n<meta property=\"article:modified_time\" content=\"2024-06-03T22:48:41+00:00\" \/>\n<meta property=\"og:image\" content=\"https:\/\/roboticaplus.com\/wp-content\/uploads\/2024\/04\/WhatsApp-Image-2024-05-27-at-2.50.24-PM.jpeg\" \/>\n\t<meta property=\"og:image:width\" content=\"800\" \/>\n\t<meta property=\"og:image:height\" content=\"800\" \/>\n\t<meta property=\"og:image:type\" content=\"image\/jpeg\" \/>\n<meta name=\"twitter:card\" content=\"summary_large_image\" \/>\n<meta name=\"twitter:label1\" content=\"\u0648\u0642\u062a \u0627\u0644\u0642\u0631\u0627\u0621\u0629 \u0627\u0644\u0645\u064f\u0642\u062f\u0651\u0631\" \/>\n\t<meta name=\"twitter:data1\" content=\"3 \u062f\u0642\u0627\u0626\u0642\" \/>\n<script type=\"application\/ld+json\" class=\"yoast-schema-graph\">{\"@context\":\"https:\/\/schema.org\",\"@graph\":[{\"@type\":\"WebPage\",\"@id\":\"https:\/\/roboticaplus.com\/ar\/product\/thinking-and-reasoning-games-5\/\",\"url\":\"https:\/\/roboticaplus.com\/ar\/product\/thinking-and-reasoning-games-5\/\",\"name\":\"Thinking and reasoning games - ZIG &amp; GO - 25 PCS SET BY DJECO - roboticaplus\",\"isPartOf\":{\"@id\":\"https:\/\/roboticaplus.com\/ar\/#website\"},\"primaryImageOfPage\":{\"@id\":\"https:\/\/roboticaplus.com\/ar\/product\/thinking-and-reasoning-games-5\/#primaryimage\"},\"image\":{\"@id\":\"https:\/\/roboticaplus.com\/ar\/product\/thinking-and-reasoning-games-5\/#primaryimage\"},\"thumbnailUrl\":\"https:\/\/roboticaplus.com\/wp-content\/uploads\/2024\/04\/WhatsApp-Image-2024-05-27-at-2.50.24-PM.jpeg\",\"datePublished\":\"2024-04-27T08:38:38+00:00\",\"dateModified\":\"2024-06-03T22:48:41+00:00\",\"breadcrumb\":{\"@id\":\"https:\/\/roboticaplus.com\/ar\/product\/thinking-and-reasoning-games-5\/#breadcrumb\"},\"inLanguage\":\"ar\",\"potentialAction\":[{\"@type\":\"ReadAction\",\"target\":[\"https:\/\/roboticaplus.com\/ar\/product\/thinking-and-reasoning-games-5\/\"]}]},{\"@type\":\"ImageObject\",\"inLanguage\":\"ar\",\"@id\":\"https:\/\/roboticaplus.com\/ar\/product\/thinking-and-reasoning-games-5\/#primaryimage\",\"url\":\"https:\/\/roboticaplus.com\/wp-content\/uploads\/2024\/04\/WhatsApp-Image-2024-05-27-at-2.50.24-PM.jpeg\",\"contentUrl\":\"https:\/\/roboticaplus.com\/wp-content\/uploads\/2024\/04\/WhatsApp-Image-2024-05-27-at-2.50.24-PM.jpeg\",\"width\":800,\"height\":800},{\"@type\":\"BreadcrumbList\",\"@id\":\"https:\/\/roboticaplus.com\/ar\/product\/thinking-and-reasoning-games-5\/#breadcrumb\",\"itemListElement\":[{\"@type\":\"ListItem\",\"position\":1,\"name\":\"Home\",\"item\":\"https:\/\/roboticaplus.com\/ar\/\"},{\"@type\":\"ListItem\",\"position\":2,\"name\":\"\u0627\u0644\u0645\u062a\u062c\u0631\",\"item\":\"https:\/\/roboticaplus.com\/ar\/shop\/\"},{\"@type\":\"ListItem\",\"position\":3,\"name\":\"Thinking and reasoning games &#8211; ZIG &amp; GO &#8211; 25 PCS SET BY DJECO\"}]},{\"@type\":\"WebSite\",\"@id\":\"https:\/\/roboticaplus.com\/ar\/#website\",\"url\":\"https:\/\/roboticaplus.com\/ar\/\",\"name\":\"roboticaplus\",\"description\":\"\",\"publisher\":{\"@id\":\"https:\/\/roboticaplus.com\/ar\/#\/schema\/person\/d0721e8acf47518632113889f79c1cef\"},\"potentialAction\":[{\"@type\":\"SearchAction\",\"target\":{\"@type\":\"EntryPoint\",\"urlTemplate\":\"https:\/\/roboticaplus.com\/ar\/?s={search_term_string}\"},\"query-input\":{\"@type\":\"PropertyValueSpecification\",\"valueRequired\":true,\"valueName\":\"search_term_string\"}}],\"inLanguage\":\"ar\"},{\"@type\":[\"Person\",\"Organization\"],\"@id\":\"https:\/\/roboticaplus.com\/ar\/#\/schema\/person\/d0721e8acf47518632113889f79c1cef\",\"name\":\"israrasem\",\"image\":{\"@type\":\"ImageObject\",\"inLanguage\":\"ar\",\"@id\":\"https:\/\/roboticaplus.com\/ar\/#\/schema\/person\/image\/\",\"url\":\"https:\/\/roboticaplus.com\/wp-content\/uploads\/2024\/04\/logo.png\",\"contentUrl\":\"https:\/\/roboticaplus.com\/wp-content\/uploads\/2024\/04\/logo.png\",\"width\":942,\"height\":233,\"caption\":\"israrasem\"},\"logo\":{\"@id\":\"https:\/\/roboticaplus.com\/ar\/#\/schema\/person\/image\/\"},\"sameAs\":[\"https:\/\/roboticaplus.com\"]}]}<\/script>\n<!-- \/ Yoast SEO plugin. -->","yoast_head_json":{"title":"Thinking and reasoning games - ZIG &amp; GO - 25 PCS SET BY DJECO - roboticaplus","robots":{"index":"index","follow":"follow","max-snippet":"max-snippet:-1","max-image-preview":"max-image-preview:large","max-video-preview":"max-video-preview:-1"},"canonical":"https:\/\/roboticaplus.com\/ar\/product\/thinking-and-reasoning-games-5\/","og_locale":"ar_AR","og_type":"article","og_title":"Thinking and reasoning games - ZIG &amp; GO - 25 PCS SET BY DJECO - roboticaplus","og_description":"Wooden construction and imagination game for children to create chain reactions with 48 parts - 48 Zig n Go from Djeco France","og_url":"https:\/\/roboticaplus.com\/ar\/product\/thinking-and-reasoning-games-5\/","og_site_name":"roboticaplus","article_modified_time":"2024-06-03T22:48:41+00:00","og_image":[{"width":800,"height":800,"url":"https:\/\/roboticaplus.com\/wp-content\/uploads\/2024\/04\/WhatsApp-Image-2024-05-27-at-2.50.24-PM.jpeg","type":"image\/jpeg"}],"twitter_card":"summary_large_image","twitter_misc":{"\u0648\u0642\u062a \u0627\u0644\u0642\u0631\u0627\u0621\u0629 \u0627\u0644\u0645\u064f\u0642\u062f\u0651\u0631":"3 \u062f\u0642\u0627\u0626\u0642"},"schema":{"@context":"https:\/\/schema.org","@graph":[{"@type":"WebPage","@id":"https:\/\/roboticaplus.com\/ar\/product\/thinking-and-reasoning-games-5\/","url":"https:\/\/roboticaplus.com\/ar\/product\/thinking-and-reasoning-games-5\/","name":"Thinking and reasoning games - ZIG &amp; GO - 25 PCS SET BY DJECO - roboticaplus","isPartOf":{"@id":"https:\/\/roboticaplus.com\/ar\/#website"},"primaryImageOfPage":{"@id":"https:\/\/roboticaplus.com\/ar\/product\/thinking-and-reasoning-games-5\/#primaryimage"},"image":{"@id":"https:\/\/roboticaplus.com\/ar\/product\/thinking-and-reasoning-games-5\/#primaryimage"},"thumbnailUrl":"https:\/\/roboticaplus.com\/wp-content\/uploads\/2024\/04\/WhatsApp-Image-2024-05-27-at-2.50.24-PM.jpeg","datePublished":"2024-04-27T08:38:38+00:00","dateModified":"2024-06-03T22:48:41+00:00","breadcrumb":{"@id":"https:\/\/roboticaplus.com\/ar\/product\/thinking-and-reasoning-games-5\/#breadcrumb"},"inLanguage":"ar","potentialAction":[{"@type":"ReadAction","target":["https:\/\/roboticaplus.com\/ar\/product\/thinking-and-reasoning-games-5\/"]}]},{"@type":"ImageObject","inLanguage":"ar","@id":"https:\/\/roboticaplus.com\/ar\/product\/thinking-and-reasoning-games-5\/#primaryimage","url":"https:\/\/roboticaplus.com\/wp-content\/uploads\/2024\/04\/WhatsApp-Image-2024-05-27-at-2.50.24-PM.jpeg","contentUrl":"https:\/\/roboticaplus.com\/wp-content\/uploads\/2024\/04\/WhatsApp-Image-2024-05-27-at-2.50.24-PM.jpeg","width":800,"height":800},{"@type":"BreadcrumbList","@id":"https:\/\/roboticaplus.com\/ar\/product\/thinking-and-reasoning-games-5\/#breadcrumb","itemListElement":[{"@type":"ListItem","position":1,"name":"Home","item":"https:\/\/roboticaplus.com\/ar\/"},{"@type":"ListItem","position":2,"name":"\u0627\u0644\u0645\u062a\u062c\u0631","item":"https:\/\/roboticaplus.com\/ar\/shop\/"},{"@type":"ListItem","position":3,"name":"Thinking and reasoning games &#8211; ZIG &amp; GO &#8211; 25 PCS SET BY DJECO"}]},{"@type":"WebSite","@id":"https:\/\/roboticaplus.com\/ar\/#website","url":"https:\/\/roboticaplus.com\/ar\/","name":"roboticaplus","description":"","publisher":{"@id":"https:\/\/roboticaplus.com\/ar\/#\/schema\/person\/d0721e8acf47518632113889f79c1cef"},"potentialAction":[{"@type":"SearchAction","target":{"@type":"EntryPoint","urlTemplate":"https:\/\/roboticaplus.com\/ar\/?s={search_term_string}"},"query-input":{"@type":"PropertyValueSpecification","valueRequired":true,"valueName":"search_term_string"}}],"inLanguage":"ar"},{"@type":["Person","Organization"],"@id":"https:\/\/roboticaplus.com\/ar\/#\/schema\/person\/d0721e8acf47518632113889f79c1cef","name":"israrasem","image":{"@type":"ImageObject","inLanguage":"ar","@id":"https:\/\/roboticaplus.com\/ar\/#\/schema\/person\/image\/","url":"https:\/\/roboticaplus.com\/wp-content\/uploads\/2024\/04\/logo.png","contentUrl":"https:\/\/roboticaplus.com\/wp-content\/uploads\/2024\/04\/logo.png","width":942,"height":233,"caption":"israrasem"},"logo":{"@id":"https:\/\/roboticaplus.com\/ar\/#\/schema\/person\/image\/"},"sameAs":["https:\/\/roboticaplus.com"]}]}},"_links":{"self":[{"href":"https:\/\/roboticaplus.com\/ar\/wp-json\/wp\/v2\/product\/22223","targetHints":{"allow":["GET"]}}],"collection":[{"href":"https:\/\/roboticaplus.com\/ar\/wp-json\/wp\/v2\/product"}],"about":[{"href":"https:\/\/roboticaplus.com\/ar\/wp-json\/wp\/v2\/types\/product"}],"replies":[{"embeddable":true,"href":"https:\/\/roboticaplus.com\/ar\/wp-json\/wp\/v2\/comments?post=22223"}],"version-history":[{"count":6,"href":"https:\/\/roboticaplus.com\/ar\/wp-json\/wp\/v2\/product\/22223\/revisions"}],"predecessor-version":[{"id":26803,"href":"https:\/\/roboticaplus.com\/ar\/wp-json\/wp\/v2\/product\/22223\/revisions\/26803"}],"wp:featuredmedia":[{"embeddable":true,"href":"https:\/\/roboticaplus.com\/ar\/wp-json\/wp\/v2\/media\/26411"}],"wp:attachment":[{"href":"https:\/\/roboticaplus.com\/ar\/wp-json\/wp\/v2\/media?parent=22223"}],"wp:term":[{"taxonomy":"product_brand","embeddable":true,"href":"https:\/\/roboticaplus.com\/ar\/wp-json\/wp\/v2\/product_brand?post=22223"},{"taxonomy":"product_cat","embeddable":true,"href":"https:\/\/roboticaplus.com\/ar\/wp-json\/wp\/v2\/product_cat?post=22223"},{"taxonomy":"product_tag","embeddable":true,"href":"https:\/\/roboticaplus.com\/ar\/wp-json\/wp\/v2\/product_tag?post=22223"}],"curies":[{"name":"wp","href":"https:\/\/api.w.org\/{rel}","templated":true}]}}